{"id":14734,"date":"2023-04-19T23:48:13","date_gmt":"2023-04-19T23:48:13","guid":{"rendered":"https:\/\/indr.lu\/?page_id=14734"},"modified":"2023-04-20T01:40:51","modified_gmt":"2023-04-20T01:40:51","slug":"hot_demo_page","status":"publish","type":"page","link":"https:\/\/indr.lu\/fr\/hot_demo_page\/","title":{"rendered":"HOT_DEMO_PAGE"},"content":{"rendered":"[vc_row type=&#8221;full_width_background&#8221; full_screen_row_position=&#8221;middle&#8221; column_margin=&#8221;default&#8221; column_direction=&#8221;default&#8221; column_direction_tablet=&#8221;default&#8221; column_direction_phone=&#8221;default&#8221; bg_image=&#8221;10497&#8243; bg_position=&#8221;left top&#8221; background_image_loading=&#8221;default&#8221; bg_repeat=&#8221;no-repeat&#8221; scene_position=&#8221;center&#8221; top_padding=&#8221;7%&#8221; bottom_padding=&#8221;7%&#8221; text_color=&#8221;light&#8221; text_align=&#8221;left&#8221; row_border_radius=&#8221;none&#8221; row_border_radius_applies=&#8221;bg&#8221; enable_gradient=&#8221;true&#8221; color_overlay=&#8221;#444444&#8243; overlay_strength=&#8221;0.8&#8243; gradient_direction=&#8221;left_to_right&#8221; shape_divider_position=&#8221;bottom&#8221; bg_image_animation=&#8221;none&#8221; shape_type=&#8221;&#8221;][vc_column column_padding=&#8221;no-extra-padding&#8221; column_padding_tablet=&#8221;inherit&#8221; column_padding_phone=&#8221;inherit&#8221; column_padding_position=&#8221;all&#8221; column_element_spacing=&#8221;default&#8221; background_color_opacity=&#8221;1&#8243; background_hover_color_opacity=&#8221;1&#8243; column_shadow=&#8221;none&#8221; column_border_radius=&#8221;none&#8221; column_link_target=&#8221;_self&#8221; gradient_direction=&#8221;left_to_right&#8221; overlay_strength=&#8221;0.3&#8243; width=&#8221;1\/1&#8243; tablet_width_inherit=&#8221;default&#8221; tablet_text_alignment=&#8221;default&#8221; phone_text_alignment=&#8221;default&#8221; bg_image_animation=&#8221;none&#8221; border_type=&#8221;simple&#8221; column_border_width=&#8221;none&#8221; column_border_style=&#8221;solid&#8221;][vc_custom_heading text=&#8221;Formations&#8221; use_theme_fonts=&#8221;yes&#8221;][\/vc_column][\/vc_row][vc_row type=&#8221;in_container&#8221; full_screen_row_position=&#8221;middle&#8221; column_margin=&#8221;default&#8221; column_direction=&#8221;default&#8221; column_direction_tablet=&#8221;default&#8221; column_direction_phone=&#8221;default&#8221; scene_position=&#8221;center&#8221; top_padding=&#8221;5%&#8221; bottom_padding=&#8221;5%&#8221; text_color=&#8221;dark&#8221; text_align=&#8221;left&#8221; row_border_radius=&#8221;none&#8221; row_border_radius_applies=&#8221;bg&#8221; overlay_strength=&#8221;0.3&#8243; gradient_direction=&#8221;left_to_right&#8221; shape_divider_position=&#8221;bottom&#8221; bg_image_animation=&#8221;none&#8221; shape_type=&#8221;&#8221;][vc_column column_padding=&#8221;no-extra-padding&#8221; column_padding_tablet=&#8221;inherit&#8221; column_padding_phone=&#8221;inherit&#8221; column_padding_position=&#8221;all&#8221; column_element_spacing=&#8221;default&#8221; background_color_opacity=&#8221;1&#8243; background_hover_color_opacity=&#8221;1&#8243; column_shadow=&#8221;none&#8221; column_border_radius=&#8221;none&#8221; column_link_target=&#8221;_self&#8221; gradient_direction=&#8221;left_to_right&#8221; overlay_strength=&#8221;0.3&#8243; width=&#8221;1\/4&#8243; tablet_width_inherit=&#8221;default&#8221; tablet_text_alignment=&#8221;default&#8221; phone_text_alignment=&#8221;default&#8221; bg_image_animation=&#8221;none&#8221; border_type=&#8221;simple&#8221; column_border_width=&#8221;none&#8221; column_border_color=&#8221;#eaeaea&#8221; column_border_style=&#8221;solid&#8221;][vc_widget_sidebar enable_sticky=&#8221;true&#8221; sidebar_id=&#8221;cs-3&#8243;][\/vc_column][vc_column column_padding=&#8221;no-extra-padding&#8221; column_padding_tablet=&#8221;inherit&#8221; column_padding_phone=&#8221;inherit&#8221; column_padding_position=&#8221;all&#8221; column_element_spacing=&#8221;default&#8221; background_color_opacity=&#8221;1&#8243; background_hover_color_opacity=&#8221;1&#8243; column_shadow=&#8221;none&#8221; column_border_radius=&#8221;none&#8221; column_link_target=&#8221;_self&#8221; gradient_direction=&#8221;left_to_right&#8221; overlay_strength=&#8221;0.3&#8243; width=&#8221;3\/4&#8243; tablet_width_inherit=&#8221;default&#8221; tablet_text_alignment=&#8221;default&#8221; phone_text_alignment=&#8221;default&#8221; bg_image_animation=&#8221;none&#8221; border_type=&#8221;simple&#8221; column_border_width=&#8221;none&#8221; column_border_style=&#8221;solid&#8221;][vc_column_text]L\u2019INDR, en collaboration avec la House of Training, propose trois fois par an un <strong>cycle de formations<\/strong> <strong>complet \u00e0 la RSE<\/strong>. Ce cycle commence par le module RSE &amp; \u00c9valuation ESR, une s\u00e9ance de sensibilisation \u00e0 la RSE et de d\u00e9couverte du Guide ESR.<\/p>\n<p>Le cycle de formations se poursuit par quatre modules sp\u00e9cifiques, d\u00e9di\u00e9s \u00e0 la strat\u00e9gie RSE, ainsi qu\u2019aux volets gouvernance, social et environnemental. Ces formations sont illustr\u00e9es par des exemples concrets et des pratiques d\u2019entreprises de tous les secteurs.<\/p>\n<p>A l\u2019issue de ces formations, les participants comprendront les th\u00e9matiques de la RSE, auront identifi\u00e9 des pistes d\u2019am\u00e9lioration concr\u00e8tes \u00e0 int\u00e9grer dans leur entreprise, pourront mettre en \u0153uvre des initiatives appropri\u00e9es et d\u00e9buter la proc\u00e9dure de labellisation ESR. Selon vos besoins, vous pouvez suivre le cycle complet, participer \u00e0 des modules individuels, ou b\u00e9n\u00e9ficier d\u2019une formation inhouse sur mesure.[\/vc_column_text][vc_custom_heading text=&#8221;Prochaines formations&#8221; font_container=&#8221;tag:h3|text_align:left&#8221; use_theme_fonts=&#8221;yes&#8221;]<div class=\"cc-events-wrapper \"><div style=\"padding-top:50px;\" class=\"cc-events-ajax-wrapper 69e0c8b028b6b\"><\/div><\/div>    <script>\n        \/\/ use URL params on initial request\n        let timespan = 'upcoming';\n        let taxTermIDs = '';\n        let eventType = 'formations';\n\n        jQuery(document).ready(function () {\n\n\n            let url = new URL(window.location.href);\n            let urlParams = new URLSearchParams(url.search);\n            let excluded = '';\n            let urlParamKeys = urlParams.keys();\n            for (const key of urlParamKeys) {\n                if (key != 'past') {\n                    taxTermIDs += jQuery('#cc-events-checkbox-' + key).val() + ',';\n                    jQuery('#cc-events-checkbox-' + key).prop('checked', true);\n                } else if (key == 'past') {\n                    jQuery('#cc-events-checkbox-past').prop('checked', true);\n                    timespan = 'past';\n                }\n            }\n            taxTermIDs = taxTermIDs.slice(0, -1);\n\n            if (eventType === 'events') {\n                eventType = 'event';\n            }\n\n            performEventsRequest('69e0c8b028b6b', '-1', taxTermIDs, eventType, timespan, null, excluded);\n            bindHandleEvents('69e0c8b028b6b', '-1', 'formations', excluded);\n\n        })\n    <\/script>\n\t[vc_row_inner column_margin=&#8221;default&#8221; column_direction=&#8221;default&#8221; column_direction_tablet=&#8221;default&#8221; column_direction_phone=&#8221;default&#8221; text_align=&#8221;left&#8221;][vc_column_inner column_padding=&#8221;no-extra-padding&#8221; column_padding_tablet=&#8221;inherit&#8221; column_padding_phone=&#8221;inherit&#8221; column_padding_position=&#8221;all&#8221; column_element_spacing=&#8221;default&#8221; background_color_opacity=&#8221;1&#8243; background_hover_color_opacity=&#8221;1&#8243; column_shadow=&#8221;none&#8221; column_border_radius=&#8221;none&#8221; column_link_target=&#8221;_self&#8221; gradient_direction=&#8221;left_to_right&#8221; overlay_strength=&#8221;0.3&#8243; width=&#8221;1\/1&#8243; tablet_width_inherit=&#8221;default&#8221; bg_image_animation=&#8221;none&#8221; border_type=&#8221;simple&#8221; column_border_width=&#8221;none&#8221; column_border_style=&#8221;solid&#8221;][vc_column_text]Pour plus d\u2019informations ou pour vous inscrire, veuillez suivre le lien suivant :\u00a0<a href=\"https:\/\/www.houseoftraining.lu\/search?subcategories=221&amp;search_term=RSE#&amp;q=RSE&amp;group_by=key\">House of Training (HOT)<\/a>[\/vc_column_text][\/vc_column_inner][\/vc_row_inner]        <div class=\"cc-events-wrapper sidebar\">\r\n        <div><\/div>\r\n\t\r\n    <div class=\"cc-events-ajax-wrapper\" style=\"\">\r\n\t\t\r\n            <div class='cc-event-itemWrapper'>\r\n                <div>\r\n                    <span>30.09.2026<\/span>\r\n                    <span>House of Training<\/span>\r\n                <\/div>\r\n                <h1>Introduction \u00e0 la RSE et au Programme ESR \u00ab Entreprise Responsable \u00bb<\/h1>\r\n                <img decoding=\"async\"\r\n                        data-shadow=\"none\" data-shadow-direction=\"middle\" data-delay=\"0\" data-animation=\"fade-in\"\r\n                        data-animation=\"fade-in\"\r\n                        class=\"img-with-animation skip-lazy animated-in discussion-img\"\r\n                        height=\"810\" width=\"1920\"\r\n                        src=\"https:\/\/indr.lu\/wp-content\/uploads\/2023\/04\/general.jpg\"\r\n                        srcset=\"https:\/\/indr.lu\/wp-content\/uploads\/2023\/04\/general.jpg 1920w, https:\/\/indr.lu\/wp-content\/uploads\/2023\/04\/general.jpg 300w, https:\/\/indr.lu\/wp-content\/uploads\/2023\/04\/general.jpg 768w, https:\/\/indr.lu\/wp-content\/uploads\/2023\/04\/general.jpg 1024w\"\r\n                        sizes=\"100vw\" alt=\"\" style=\"opacity: 1;\"\r\n                >\r\n                <a target=\"_blank\" rel=\"nofollow\"\r\n                   href=\"https:\/\/www.houseoftraining.lu\/training\/1722\">\r\n                    <span>En savoir plus<\/span>\r\n                <\/a>\r\n            <\/div>\r\n\r\n\t\t\r\n            <div class='cc-event-itemWrapper'>\r\n                <div>\r\n                    <span><\/span>\r\n                    <span>House of Training<\/span>\r\n                <\/div>\r\n                <h1>CSR and ESR Assessment Module - An Introduction to CSR, the Label and the ESR Programme<\/h1>\r\n                <img decoding=\"async\"\r\n                        data-shadow=\"none\" data-shadow-direction=\"middle\" data-delay=\"0\" data-animation=\"fade-in\"\r\n                        data-animation=\"fade-in\"\r\n                        class=\"img-with-animation skip-lazy animated-in discussion-img\"\r\n                        height=\"810\" width=\"1920\"\r\n                        src=\"https:\/\/indr.lu\/wp-content\/uploads\/2023\/04\/general.jpg\"\r\n                        srcset=\"https:\/\/indr.lu\/wp-content\/uploads\/2023\/04\/general.jpg 1920w, https:\/\/indr.lu\/wp-content\/uploads\/2023\/04\/general.jpg 300w, https:\/\/indr.lu\/wp-content\/uploads\/2023\/04\/general.jpg 768w, https:\/\/indr.lu\/wp-content\/uploads\/2023\/04\/general.jpg 1024w\"\r\n                        sizes=\"100vw\" alt=\"\" style=\"opacity: 1;\"\r\n                >\r\n                <a target=\"_blank\" rel=\"nofollow\"\r\n                   href=\"https:\/\/www.houseoftraining.lu\/training\/11588\">\r\n                    <span>En savoir plus<\/span>\r\n                <\/a>\r\n            <\/div>\r\n\r\n\t\t\r\n            <div class='cc-event-itemWrapper'>\r\n                <div>\r\n                    <span>25.09.2026<\/span>\r\n                    <span>House of Training<\/span>\r\n                <\/div>\r\n                <h1>Transformer son business gr\u00e2ce \u00e0 la durabilit\u00e9 et \u00e0 l\u2019\u00e9conomie circulaire<\/h1>\r\n                <img decoding=\"async\"\r\n                        data-shadow=\"none\" data-shadow-direction=\"middle\" data-delay=\"0\" data-animation=\"fade-in\"\r\n                        data-animation=\"fade-in\"\r\n                        class=\"img-with-animation skip-lazy animated-in discussion-img\"\r\n                        height=\"810\" width=\"1920\"\r\n                        src=\"https:\/\/indr.lu\/wp-content\/uploads\/2023\/04\/general.jpg\"\r\n                        srcset=\"https:\/\/indr.lu\/wp-content\/uploads\/2023\/04\/general.jpg 1920w, https:\/\/indr.lu\/wp-content\/uploads\/2023\/04\/general.jpg 300w, https:\/\/indr.lu\/wp-content\/uploads\/2023\/04\/general.jpg 768w, https:\/\/indr.lu\/wp-content\/uploads\/2023\/04\/general.jpg 1024w\"\r\n                        sizes=\"100vw\" alt=\"\" style=\"opacity: 1;\"\r\n                >\r\n                <a target=\"_blank\" rel=\"nofollow\"\r\n                   href=\"https:\/\/www.houseoftraining.lu\/training\/4340\">\r\n                    <span>En savoir plus<\/span>\r\n                <\/a>\r\n            <\/div>\r\n\r\n\t\t\r\n    <\/div>\r\n\r\n\t        <\/div>\r\n\t\r\n\t[\/vc_column][\/vc_row]\n","protected":false},"excerpt":{"rendered":"<p>[vc_row type=&#8221;full_width_background&#8221; full_screen_row_position=&#8221;middle&#8221; column_margin=&#8221;default&#8221; column_direction=&#8221;default&#8221; column_direction_tablet=&#8221;default&#8221; column_direction_phone=&#8221;default&#8221; bg_image=&#8221;10497&#8243; bg_position=&#8221;left top&#8221; background_image_loading=&#8221;default&#8221; bg_repeat=&#8221;no-repeat&#8221; scene_position=&#8221;center&#8221; top_padding=&#8221;7%&#8221; bottom_padding=&#8221;7%&#8221; text_color=&#8221;light&#8221; text_align=&#8221;left&#8221; row_border_radius=&#8221;none&#8221; row_border_radius_applies=&#8221;bg&#8221; enable_gradient=&#8221;true&#8221; color_overlay=&#8221;#444444&#8243; overlay_strength=&#8221;0.8&#8243; gradient_direction=&#8221;left_to_right&#8221; shape_divider_position=&#8221;bottom&#8221; bg_image_animation=&#8221;none&#8221; shape_type=&#8221;&#8221;][vc_column column_padding=&#8221;no-extra-padding&#8221; column_padding_tablet=&#8221;inherit&#8221; column_padding_phone=&#8221;inherit&#8221; column_padding_position=&#8221;all&#8221;&#8230;<\/p>\n","protected":false},"author":26,"featured_media":0,"parent":0,"menu_order":0,"comment_status":"closed","ping_status":"closed","template":"","meta":{"_acf_changed":false,"inline_featured_image":false,"footnotes":""},"class_list":["post-14734","page","type-page","status-publish"],"acf":[],"yoast_head":"<!-- This site is optimized with the Yoast SEO plugin v27.3 - https:\/\/yoast.com\/product\/yoast-seo-wordpress\/ -->\n<title>HOT_DEMO_PAGE - INDR<\/title>\n<meta name=\"robots\" content=\"index, follow, max-snippet:-1, max-image-preview:large, max-video-preview:-1\" \/>\n<link rel=\"canonical\" href=\"https:\/\/indr.lu\/fr\/hot_demo_page\/\" \/>\n<meta property=\"og:locale\" content=\"fr_FR\" \/>\n<meta property=\"og:type\" content=\"article\" \/>\n<meta property=\"og:title\" content=\"HOT_DEMO_PAGE - INDR\" \/>\n<meta property=\"og:description\" content=\"[vc_row type=&#8221;full_width_background&#8221; full_screen_row_position=&#8221;middle&#8221; column_margin=&#8221;default&#8221; column_direction=&#8221;default&#8221; column_direction_tablet=&#8221;default&#8221; column_direction_phone=&#8221;default&#8221; bg_image=&#8221;10497&#8243; bg_position=&#8221;left top&#8221; background_image_loading=&#8221;default&#8221; bg_repeat=&#8221;no-repeat&#8221; scene_position=&#8221;center&#8221; top_padding=&#8221;7%&#8221; bottom_padding=&#8221;7%&#8221; text_color=&#8221;light&#8221; text_align=&#8221;left&#8221; row_border_radius=&#8221;none&#8221; row_border_radius_applies=&#8221;bg&#8221; enable_gradient=&#8221;true&#8221; color_overlay=&#8221;#444444&#8243; overlay_strength=&#8221;0.8&#8243; gradient_direction=&#8221;left_to_right&#8221; shape_divider_position=&#8221;bottom&#8221; bg_image_animation=&#8221;none&#8221; shape_type=&#8221;&#8221;][vc_column column_padding=&#8221;no-extra-padding&#8221; column_padding_tablet=&#8221;inherit&#8221; column_padding_phone=&#8221;inherit&#8221; column_padding_position=&#8221;all&#8221;...\" \/>\n<meta property=\"og:url\" content=\"https:\/\/indr.lu\/fr\/hot_demo_page\/\" \/>\n<meta property=\"og:site_name\" content=\"INDR\" \/>\n<meta property=\"article:publisher\" content=\"https:\/\/www.facebook.com\/INDR.lu\" \/>\n<meta property=\"article:modified_time\" content=\"2023-04-20T01:40:51+00:00\" \/>\n<meta name=\"twitter:card\" content=\"summary_large_image\" \/>\n<meta name=\"twitter:label1\" content=\"Dur\u00e9e de lecture estim\u00e9e\" \/>\n\t<meta name=\"twitter:data1\" content=\"2 minutes\" \/>\n<script type=\"application\/ld+json\" class=\"yoast-schema-graph\">{\"@context\":\"https:\\\/\\\/schema.org\",\"@graph\":[{\"@type\":\"WebPage\",\"@id\":\"https:\\\/\\\/indr.lu\\\/fr\\\/hot_demo_page\\\/\",\"url\":\"https:\\\/\\\/indr.lu\\\/fr\\\/hot_demo_page\\\/\",\"name\":\"HOT_DEMO_PAGE - INDR\",\"isPartOf\":{\"@id\":\"https:\\\/\\\/indr.lu\\\/fr\\\/#website\"},\"datePublished\":\"2023-04-19T23:48:13+00:00\",\"dateModified\":\"2023-04-20T01:40:51+00:00\",\"breadcrumb\":{\"@id\":\"https:\\\/\\\/indr.lu\\\/fr\\\/hot_demo_page\\\/#breadcrumb\"},\"inLanguage\":\"fr-FR\",\"potentialAction\":[{\"@type\":\"ReadAction\",\"target\":[\"https:\\\/\\\/indr.lu\\\/fr\\\/hot_demo_page\\\/\"]}]},{\"@type\":\"BreadcrumbList\",\"@id\":\"https:\\\/\\\/indr.lu\\\/fr\\\/hot_demo_page\\\/#breadcrumb\",\"itemListElement\":[{\"@type\":\"ListItem\",\"position\":1,\"name\":\"Home\",\"item\":\"https:\\\/\\\/indr.lu\\\/fr\\\/\"},{\"@type\":\"ListItem\",\"position\":2,\"name\":\"HOT_DEMO_PAGE\"}]},{\"@type\":\"WebSite\",\"@id\":\"https:\\\/\\\/indr.lu\\\/fr\\\/#website\",\"url\":\"https:\\\/\\\/indr.lu\\\/fr\\\/\",\"name\":\"INDR\",\"description\":\"Institut national pour le d\u00e9veloppement durable et la RSE\",\"publisher\":{\"@id\":\"https:\\\/\\\/indr.lu\\\/fr\\\/#organization\"},\"potentialAction\":[{\"@type\":\"SearchAction\",\"target\":{\"@type\":\"EntryPoint\",\"urlTemplate\":\"https:\\\/\\\/indr.lu\\\/fr\\\/?s={search_term_string}\"},\"query-input\":{\"@type\":\"PropertyValueSpecification\",\"valueRequired\":true,\"valueName\":\"search_term_string\"}}],\"inLanguage\":\"fr-FR\"},{\"@type\":\"Organization\",\"@id\":\"https:\\\/\\\/indr.lu\\\/fr\\\/#organization\",\"name\":\"INDR\",\"alternateName\":\"L\u2019Institut National pour le D\u00e9veloppement durable et la Responsabilit\u00e9 sociale des entreprises\",\"url\":\"https:\\\/\\\/indr.lu\\\/fr\\\/\",\"logo\":{\"@type\":\"ImageObject\",\"inLanguage\":\"fr-FR\",\"@id\":\"https:\\\/\\\/indr.lu\\\/fr\\\/#\\\/schema\\\/logo\\\/image\\\/\",\"url\":\"https:\\\/\\\/indr.lu\\\/wp-content\\\/uploads\\\/2021\\\/04\\\/indr-logo.svg\",\"contentUrl\":\"https:\\\/\\\/indr.lu\\\/wp-content\\\/uploads\\\/2021\\\/04\\\/indr-logo.svg\",\"width\":\"1024\",\"height\":\"1024\",\"caption\":\"INDR\"},\"image\":{\"@id\":\"https:\\\/\\\/indr.lu\\\/fr\\\/#\\\/schema\\\/logo\\\/image\\\/\"},\"sameAs\":[\"https:\\\/\\\/www.facebook.com\\\/INDR.lu\",\"https:\\\/\\\/www.linkedin.com\\\/company\\\/indr---institut-national-pour-le-d-veloppement-durable-et-la-responsabilit-des-entreprises\\\/\"]}]}<\/script>\n<!-- \/ Yoast SEO plugin. -->","yoast_head_json":{"title":"HOT_DEMO_PAGE - INDR","robots":{"index":"index","follow":"follow","max-snippet":"max-snippet:-1","max-image-preview":"max-image-preview:large","max-video-preview":"max-video-preview:-1"},"canonical":"https:\/\/indr.lu\/fr\/hot_demo_page\/","og_locale":"fr_FR","og_type":"article","og_title":"HOT_DEMO_PAGE - INDR","og_description":"[vc_row type=&#8221;full_width_background&#8221; full_screen_row_position=&#8221;middle&#8221; column_margin=&#8221;default&#8221; column_direction=&#8221;default&#8221; column_direction_tablet=&#8221;default&#8221; column_direction_phone=&#8221;default&#8221; bg_image=&#8221;10497&#8243; bg_position=&#8221;left top&#8221; background_image_loading=&#8221;default&#8221; bg_repeat=&#8221;no-repeat&#8221; scene_position=&#8221;center&#8221; top_padding=&#8221;7%&#8221; bottom_padding=&#8221;7%&#8221; text_color=&#8221;light&#8221; text_align=&#8221;left&#8221; row_border_radius=&#8221;none&#8221; row_border_radius_applies=&#8221;bg&#8221; enable_gradient=&#8221;true&#8221; color_overlay=&#8221;#444444&#8243; overlay_strength=&#8221;0.8&#8243; gradient_direction=&#8221;left_to_right&#8221; shape_divider_position=&#8221;bottom&#8221; bg_image_animation=&#8221;none&#8221; shape_type=&#8221;&#8221;][vc_column column_padding=&#8221;no-extra-padding&#8221; column_padding_tablet=&#8221;inherit&#8221; column_padding_phone=&#8221;inherit&#8221; column_padding_position=&#8221;all&#8221;...","og_url":"https:\/\/indr.lu\/fr\/hot_demo_page\/","og_site_name":"INDR","article_publisher":"https:\/\/www.facebook.com\/INDR.lu","article_modified_time":"2023-04-20T01:40:51+00:00","twitter_card":"summary_large_image","twitter_misc":{"Dur\u00e9e de lecture estim\u00e9e":"2 minutes"},"schema":{"@context":"https:\/\/schema.org","@graph":[{"@type":"WebPage","@id":"https:\/\/indr.lu\/fr\/hot_demo_page\/","url":"https:\/\/indr.lu\/fr\/hot_demo_page\/","name":"HOT_DEMO_PAGE - INDR","isPartOf":{"@id":"https:\/\/indr.lu\/fr\/#website"},"datePublished":"2023-04-19T23:48:13+00:00","dateModified":"2023-04-20T01:40:51+00:00","breadcrumb":{"@id":"https:\/\/indr.lu\/fr\/hot_demo_page\/#breadcrumb"},"inLanguage":"fr-FR","potentialAction":[{"@type":"ReadAction","target":["https:\/\/indr.lu\/fr\/hot_demo_page\/"]}]},{"@type":"BreadcrumbList","@id":"https:\/\/indr.lu\/fr\/hot_demo_page\/#breadcrumb","itemListElement":[{"@type":"ListItem","position":1,"name":"Home","item":"https:\/\/indr.lu\/fr\/"},{"@type":"ListItem","position":2,"name":"HOT_DEMO_PAGE"}]},{"@type":"WebSite","@id":"https:\/\/indr.lu\/fr\/#website","url":"https:\/\/indr.lu\/fr\/","name":"INDR","description":"Institut national pour le d\u00e9veloppement durable et la RSE","publisher":{"@id":"https:\/\/indr.lu\/fr\/#organization"},"potentialAction":[{"@type":"SearchAction","target":{"@type":"EntryPoint","urlTemplate":"https:\/\/indr.lu\/fr\/?s={search_term_string}"},"query-input":{"@type":"PropertyValueSpecification","valueRequired":true,"valueName":"search_term_string"}}],"inLanguage":"fr-FR"},{"@type":"Organization","@id":"https:\/\/indr.lu\/fr\/#organization","name":"INDR","alternateName":"L\u2019Institut National pour le D\u00e9veloppement durable et la Responsabilit\u00e9 sociale des entreprises","url":"https:\/\/indr.lu\/fr\/","logo":{"@type":"ImageObject","inLanguage":"fr-FR","@id":"https:\/\/indr.lu\/fr\/#\/schema\/logo\/image\/","url":"https:\/\/indr.lu\/wp-content\/uploads\/2021\/04\/indr-logo.svg","contentUrl":"https:\/\/indr.lu\/wp-content\/uploads\/2021\/04\/indr-logo.svg","width":"1024","height":"1024","caption":"INDR"},"image":{"@id":"https:\/\/indr.lu\/fr\/#\/schema\/logo\/image\/"},"sameAs":["https:\/\/www.facebook.com\/INDR.lu","https:\/\/www.linkedin.com\/company\/indr---institut-national-pour-le-d-veloppement-durable-et-la-responsabilit-des-entreprises\/"]}]}},"_links":{"self":[{"href":"https:\/\/indr.lu\/fr\/wp-json\/wp\/v2\/pages\/14734","targetHints":{"allow":["GET"]}}],"collection":[{"href":"https:\/\/indr.lu\/fr\/wp-json\/wp\/v2\/pages"}],"about":[{"href":"https:\/\/indr.lu\/fr\/wp-json\/wp\/v2\/types\/page"}],"author":[{"embeddable":true,"href":"https:\/\/indr.lu\/fr\/wp-json\/wp\/v2\/users\/26"}],"replies":[{"embeddable":true,"href":"https:\/\/indr.lu\/fr\/wp-json\/wp\/v2\/comments?post=14734"}],"version-history":[{"count":1,"href":"https:\/\/indr.lu\/fr\/wp-json\/wp\/v2\/pages\/14734\/revisions"}],"predecessor-version":[{"id":14735,"href":"https:\/\/indr.lu\/fr\/wp-json\/wp\/v2\/pages\/14734\/revisions\/14735"}],"wp:attachment":[{"href":"https:\/\/indr.lu\/fr\/wp-json\/wp\/v2\/media?parent=14734"}],"curies":[{"name":"wp","href":"https:\/\/api.w.org\/{rel}","templated":true}]}}