{"id":9851,"date":"2021-04-13T21:17:20","date_gmt":"2021-04-13T21:17:20","guid":{"rendered":"https:\/\/indr.cuco.dev\/?page_id=9851"},"modified":"2026-03-10T14:59:31","modified_gmt":"2026-03-10T14:59:31","slug":"methode-devaluation","status":"publish","type":"page","link":"https:\/\/indr.lu\/fr\/les-services-aux-entreprises\/evaluer-sa-responsabilite\/methode-devaluation\/","title":{"rendered":"M\u00e9thode d\u2019\u00e9valuation"},"content":{"rendered":"[vc_row type=&#8221;full_width_background&#8221; full_screen_row_position=&#8221;middle&#8221; column_margin=&#8221;default&#8221; column_direction=&#8221;default&#8221; column_direction_tablet=&#8221;default&#8221; column_direction_phone=&#8221;default&#8221; bg_image=&#8221;10606&#8243; bg_position=&#8221;left top&#8221; background_image_loading=&#8221;default&#8221; bg_repeat=&#8221;no-repeat&#8221; scene_position=&#8221;center&#8221; top_padding=&#8221;7%&#8221; bottom_padding=&#8221;7%&#8221; text_color=&#8221;light&#8221; text_align=&#8221;left&#8221; row_border_radius=&#8221;none&#8221; row_border_radius_applies=&#8221;bg&#8221; overflow=&#8221;visible&#8221; enable_gradient=&#8221;true&#8221; color_overlay=&#8221;#444444&#8243; overlay_strength=&#8221;0.8&#8243; gradient_direction=&#8221;left_to_right&#8221; shape_divider_position=&#8221;bottom&#8221; bg_image_animation=&#8221;none&#8221; shape_type=&#8221;&#8221;][vc_column column_padding=&#8221;no-extra-padding&#8221; column_padding_tablet=&#8221;inherit&#8221; column_padding_phone=&#8221;inherit&#8221; column_padding_position=&#8221;all&#8221; column_element_direction_desktop=&#8221;default&#8221; column_element_spacing=&#8221;default&#8221; desktop_text_alignment=&#8221;default&#8221; tablet_text_alignment=&#8221;default&#8221; phone_text_alignment=&#8221;default&#8221; background_color_opacity=&#8221;1&#8243; background_hover_color_opacity=&#8221;1&#8243; column_backdrop_filter=&#8221;none&#8221; column_shadow=&#8221;none&#8221; column_border_radius=&#8221;none&#8221; column_link_target=&#8221;_self&#8221; column_position=&#8221;default&#8221; gradient_direction=&#8221;left_to_right&#8221; overlay_strength=&#8221;0.3&#8243; width=&#8221;1\/1&#8243; tablet_width_inherit=&#8221;default&#8221; animation_type=&#8221;default&#8221; bg_image_animation=&#8221;none&#8221; border_type=&#8221;simple&#8221; column_border_width=&#8221;none&#8221; column_border_style=&#8221;solid&#8221;][vc_custom_heading source=&#8221;post_title&#8221; use_theme_fonts=&#8221;yes&#8221;][\/vc_column][\/vc_row][vc_row type=&#8221;in_container&#8221; full_screen_row_position=&#8221;middle&#8221; column_margin=&#8221;default&#8221; column_direction=&#8221;default&#8221; column_direction_tablet=&#8221;default&#8221; column_direction_phone=&#8221;default&#8221; scene_position=&#8221;center&#8221; top_padding=&#8221;5%&#8221; bottom_padding=&#8221;5%&#8221; text_color=&#8221;dark&#8221; text_align=&#8221;left&#8221; row_border_radius=&#8221;none&#8221; row_border_radius_applies=&#8221;bg&#8221; overflow=&#8221;visible&#8221; overlay_strength=&#8221;0.3&#8243; gradient_direction=&#8221;left_to_right&#8221; shape_divider_position=&#8221;bottom&#8221; bg_image_animation=&#8221;none&#8221; shape_type=&#8221;&#8221;][vc_column column_padding=&#8221;no-extra-padding&#8221; column_padding_tablet=&#8221;inherit&#8221; column_padding_phone=&#8221;inherit&#8221; column_padding_position=&#8221;all&#8221; column_element_direction_desktop=&#8221;default&#8221; column_element_spacing=&#8221;default&#8221; desktop_text_alignment=&#8221;default&#8221; tablet_text_alignment=&#8221;default&#8221; phone_text_alignment=&#8221;default&#8221; background_color_opacity=&#8221;1&#8243; background_hover_color_opacity=&#8221;1&#8243; column_backdrop_filter=&#8221;none&#8221; column_shadow=&#8221;none&#8221; column_border_radius=&#8221;none&#8221; column_link_target=&#8221;_self&#8221; column_position=&#8221;default&#8221; gradient_direction=&#8221;left_to_right&#8221; overlay_strength=&#8221;0.3&#8243; width=&#8221;1\/4&#8243; tablet_width_inherit=&#8221;default&#8221; animation_type=&#8221;default&#8221; bg_image_animation=&#8221;none&#8221; border_type=&#8221;simple&#8221; column_border_width=&#8221;none&#8221; column_border_color=&#8221;#eaeaea&#8221; column_border_style=&#8221;solid&#8221;][vc_widget_sidebar enable_sticky=&#8221;true&#8221; sidebar_id=&#8221;cs-3&#8243;][\/vc_column][vc_column column_padding=&#8221;no-extra-padding&#8221; column_padding_tablet=&#8221;inherit&#8221; column_padding_phone=&#8221;inherit&#8221; column_padding_position=&#8221;all&#8221; column_element_direction_desktop=&#8221;default&#8221; column_element_spacing=&#8221;default&#8221; desktop_text_alignment=&#8221;default&#8221; tablet_text_alignment=&#8221;default&#8221; phone_text_alignment=&#8221;default&#8221; background_color_opacity=&#8221;1&#8243; background_hover_color_opacity=&#8221;1&#8243; column_backdrop_filter=&#8221;none&#8221; column_shadow=&#8221;none&#8221; column_border_radius=&#8221;none&#8221; column_link_target=&#8221;_self&#8221; column_position=&#8221;default&#8221; gradient_direction=&#8221;left_to_right&#8221; overlay_strength=&#8221;0.3&#8243; width=&#8221;3\/4&#8243; tablet_width_inherit=&#8221;default&#8221; animation_type=&#8221;default&#8221; bg_image_animation=&#8221;none&#8221; border_type=&#8221;simple&#8221; column_border_width=&#8221;none&#8221; column_border_style=&#8221;solid&#8221;][vc_column_text css=&#8221;&#8221; text_direction=&#8221;default&#8221;]Le R\u00e9f\u00e9rentiel ESR &#8211; ENTREPRISE RESPONSABLE (<a href=\"http:\/\/www.esr.lu\/\" target=\"_blank\" rel=\"noopener\"><span class=\"s1\">www.esr.lu<\/span><\/a>) est constitu\u00e9 de plus de 120 th\u00e9matiques RSE, refl\u00e9tant les principales actions de la soci\u00e9t\u00e9 envers les entreprises quant au d\u00e9veloppement durable. Il permet \u00e0 chaque entreprise de s\u2019auto\u00e9valuer, ind\u00e9pendamment de sa taille ou de son secteur d\u2019activit\u00e9. <strong>\u00c9valuer votre responsabilit\u00e9\u00a0<\/strong>ou niveau de RSE revient \u00e0 situer le comportement actuel de votre entreprise par rapport \u00e0 chacune des th\u00e9matiques pr\u00e9sent\u00e9es.[\/vc_column_text][vc_custom_heading text=&#8221;Comment \u00e9valuer la RSE d\u2019une entreprise?&#8221; font_container=&#8221;tag:h3|text_align:left&#8221; use_theme_fonts=&#8221;yes&#8221;][vc_column_text]Confront\u00e9e \u00e0 une probl\u00e9matique sp\u00e9cifique, une entreprise passe naturellement par plusieurs \u00e9tapes successives.[\/vc_column_text][image_with_animation image_url=&#8221;19045&#8243; image_size=&#8221;full&#8221; animation_type=&#8221;entrance&#8221; animation=&#8221;Fade In&#8221; animation_easing=&#8221;default&#8221; animation_movement_type=&#8221;transform_y&#8221; hover_animation=&#8221;none&#8221; alignment=&#8221;&#8221; border_radius=&#8221;none&#8221; box_shadow=&#8221;none&#8221; image_loading=&#8221;default&#8221; max_width=&#8221;75%&#8221; max_width_mobile=&#8221;default&#8221; el_class=&#8221;no-scale&#8221;][vc_column_text]\n<p class=\"p1\">Pour vous permettre d\u2019\u00e9valuer les th\u00e9matiques qui engagent votre responsabilit\u00e9, l\u2019INDR vous propose une \u00e9chelle d\u2019\u00e9valuation d\u00e9clin\u00e9e en 5 niveaux de maturit\u00e9 qui refl\u00e8tent ces \u00e9tapes de progression et qui se basent largement sur la m\u00e9thode PDCA (<i>Plan-Do-Check-Act<\/i>), utilis\u00e9e en gestion de la qualit\u00e9.<\/p>\n<p class=\"p1\">Les\u00a0<strong>niveaux de maturit\u00e9<\/strong> permettent de mesurer l\u2019engagement RSE de votre entreprise pour chacune des th\u00e9matique RSE:<\/p>\n[\/vc_column_text][image_with_animation image_url=&#8221;19359&#8243; image_size=&#8221;full&#8221; animation_type=&#8221;entrance&#8221; animation=&#8221;Fade In&#8221; animation_easing=&#8221;default&#8221; animation_movement_type=&#8221;transform_y&#8221; hover_animation=&#8221;none&#8221; alignment=&#8221;&#8221; border_radius=&#8221;none&#8221; box_shadow=&#8221;none&#8221; image_loading=&#8221;default&#8221; max_width=&#8221;75%&#8221; max_width_mobile=&#8221;default&#8221; el_class=&#8221;no-scale&#8221;][vc_column_text css=&#8221;&#8221; text_direction=&#8221;default&#8221;]\n<p class=\"p1\">L\u2019INDR vous encourage \u00e0 \u00e9valuer votre\u00a0<strong>performance pour toutes les th\u00e9matiques RSE<\/strong>\u00a0au moyen de ces niveaux de maturit\u00e9. Cette \u00e9valuation vous permettra de conna\u00eetre votre niveau actuel de responsabilit\u00e9 et de valoriser vos progr\u00e8s et m\u00e9rites.<\/p>\n<p class=\"p1\">L\u2019INDR recommande \u00e0 chaque entreprise d\u2019atteindre au\u00a0minimum le<strong> niveau<\/strong>\u00a0<strong><span class=\"s1\">Mise en \u0153uvre<\/span><\/strong> pour toutes les th\u00e9matiques ESR &#8211; ENTREPRISE RESPONSABLE applicables et incite, dans la mesure du possible et pour les th\u00e9matiques mat\u00e9rielles \u00e0 l&#8217;entreprise avant tout, \u00e0 tendre vers le <strong>niveau Reporting<\/strong> et sa notion d&#8217;am\u00e9lioration continue.<\/p>\n<p class=\"p1\"><span data-teams=\"true\">Conscient de l\u2019importance du partage des pratiques de la RSE sur la place luxembourgeoise, l\u2019INDR encourage les entreprises \u00e0 viser le <strong>niveau<\/strong> <strong>Ambassadeur<\/strong> pour une ou quelques th\u00e9matiques bien pr\u00e9cises du label ESR &#8211; ENTREPRISE RESPONSABLE, ayant \u00e9t\u00e9 identifi\u00e9es comme mat\u00e9rielles pour l&#8217;entreprise. Par ailleurs, l\u2019INDR reconna\u00eet que le niveau Ambassadeur n\u2019est pas forc\u00e9ment applicable ou r\u00e9aliste pour certaines entreprises, selon leur taille, leur contexte, leur environnement et leurs moyens.\u00a0<\/span><\/p>\n[\/vc_column_text][\/vc_column][\/vc_row]\n","protected":false},"excerpt":{"rendered":"<p>[vc_row type=&#8221;full_width_background&#8221; full_screen_row_position=&#8221;middle&#8221; column_margin=&#8221;default&#8221; column_direction=&#8221;default&#8221; column_direction_tablet=&#8221;default&#8221; column_direction_phone=&#8221;default&#8221; bg_image=&#8221;10606&#8243; bg_position=&#8221;left top&#8221; background_image_loading=&#8221;default&#8221; bg_repeat=&#8221;no-repeat&#8221; scene_position=&#8221;center&#8221; top_padding=&#8221;7%&#8221; bottom_padding=&#8221;7%&#8221; text_color=&#8221;light&#8221; text_align=&#8221;left&#8221; row_border_radius=&#8221;none&#8221; row_border_radius_applies=&#8221;bg&#8221; overflow=&#8221;visible&#8221; enable_gradient=&#8221;true&#8221; color_overlay=&#8221;#444444&#8243; overlay_strength=&#8221;0.8&#8243; gradient_direction=&#8221;left_to_right&#8221; shape_divider_position=&#8221;bottom&#8221; bg_image_animation=&#8221;none&#8221; shape_type=&#8221;&#8221;][vc_column column_padding=&#8221;no-extra-padding&#8221; column_padding_tablet=&#8221;inherit&#8221; column_padding_phone=&#8221;inherit&#8221;&#8230;<\/p>\n","protected":false},"author":26,"featured_media":0,"parent":9847,"menu_order":0,"comment_status":"closed","ping_status":"closed","template":"","meta":{"_acf_changed":false,"inline_featured_image":false,"footnotes":""},"class_list":["post-9851","page","type-page","status-publish"],"acf":[],"yoast_head":"<!-- This site is optimized with the Yoast SEO plugin v27.3 - https:\/\/yoast.com\/product\/yoast-seo-wordpress\/ -->\n<title>M\u00e9thode d\u2019\u00e9valuation - INDR<\/title>\n<meta name=\"robots\" content=\"index, follow, max-snippet:-1, max-image-preview:large, max-video-preview:-1\" \/>\n<link rel=\"canonical\" href=\"https:\/\/indr.lu\/fr\/les-services-aux-entreprises\/evaluer-sa-responsabilite\/methode-devaluation\/\" \/>\n<meta property=\"og:locale\" content=\"fr_FR\" \/>\n<meta property=\"og:type\" content=\"article\" \/>\n<meta property=\"og:title\" content=\"M\u00e9thode d\u2019\u00e9valuation - INDR\" \/>\n<meta property=\"og:description\" content=\"[vc_row type=&#8221;full_width_background&#8221; full_screen_row_position=&#8221;middle&#8221; column_margin=&#8221;default&#8221; column_direction=&#8221;default&#8221; column_direction_tablet=&#8221;default&#8221; column_direction_phone=&#8221;default&#8221; bg_image=&#8221;10606&#8243; bg_position=&#8221;left top&#8221; background_image_loading=&#8221;default&#8221; bg_repeat=&#8221;no-repeat&#8221; scene_position=&#8221;center&#8221; top_padding=&#8221;7%&#8221; bottom_padding=&#8221;7%&#8221; text_color=&#8221;light&#8221; text_align=&#8221;left&#8221; row_border_radius=&#8221;none&#8221; row_border_radius_applies=&#8221;bg&#8221; overflow=&#8221;visible&#8221; enable_gradient=&#8221;true&#8221; color_overlay=&#8221;#444444&#8243; overlay_strength=&#8221;0.8&#8243; gradient_direction=&#8221;left_to_right&#8221; shape_divider_position=&#8221;bottom&#8221; bg_image_animation=&#8221;none&#8221; shape_type=&#8221;&#8221;][vc_column column_padding=&#8221;no-extra-padding&#8221; column_padding_tablet=&#8221;inherit&#8221; column_padding_phone=&#8221;inherit&#8221;...\" \/>\n<meta property=\"og:url\" content=\"https:\/\/indr.lu\/fr\/les-services-aux-entreprises\/evaluer-sa-responsabilite\/methode-devaluation\/\" \/>\n<meta property=\"og:site_name\" content=\"INDR\" \/>\n<meta property=\"article:publisher\" content=\"https:\/\/www.facebook.com\/INDR.lu\" \/>\n<meta property=\"article:modified_time\" content=\"2026-03-10T14:59:31+00:00\" \/>\n<meta name=\"twitter:card\" content=\"summary_large_image\" \/>\n<meta name=\"twitter:label1\" content=\"Dur\u00e9e de lecture estim\u00e9e\" \/>\n\t<meta name=\"twitter:data1\" content=\"3 minutes\" \/>\n<script type=\"application\/ld+json\" class=\"yoast-schema-graph\">{\"@context\":\"https:\\\/\\\/schema.org\",\"@graph\":[{\"@type\":\"WebPage\",\"@id\":\"https:\\\/\\\/indr.lu\\\/fr\\\/les-services-aux-entreprises\\\/evaluer-sa-responsabilite\\\/methode-devaluation\\\/\",\"url\":\"https:\\\/\\\/indr.lu\\\/fr\\\/les-services-aux-entreprises\\\/evaluer-sa-responsabilite\\\/methode-devaluation\\\/\",\"name\":\"M\u00e9thode d\u2019\u00e9valuation - INDR\",\"isPartOf\":{\"@id\":\"https:\\\/\\\/indr.lu\\\/fr\\\/#website\"},\"datePublished\":\"2021-04-13T21:17:20+00:00\",\"dateModified\":\"2026-03-10T14:59:31+00:00\",\"breadcrumb\":{\"@id\":\"https:\\\/\\\/indr.lu\\\/fr\\\/les-services-aux-entreprises\\\/evaluer-sa-responsabilite\\\/methode-devaluation\\\/#breadcrumb\"},\"inLanguage\":\"fr-FR\",\"potentialAction\":[{\"@type\":\"ReadAction\",\"target\":[\"https:\\\/\\\/indr.lu\\\/fr\\\/les-services-aux-entreprises\\\/evaluer-sa-responsabilite\\\/methode-devaluation\\\/\"]}]},{\"@type\":\"BreadcrumbList\",\"@id\":\"https:\\\/\\\/indr.lu\\\/fr\\\/les-services-aux-entreprises\\\/evaluer-sa-responsabilite\\\/methode-devaluation\\\/#breadcrumb\",\"itemListElement\":[{\"@type\":\"ListItem\",\"position\":1,\"name\":\"Home\",\"item\":\"https:\\\/\\\/indr.lu\\\/fr\\\/\"},{\"@type\":\"ListItem\",\"position\":2,\"name\":\"Les services aux entreprises\",\"item\":\"https:\\\/\\\/indr.lu\\\/fr\\\/les-services-aux-entreprises\\\/\"},{\"@type\":\"ListItem\",\"position\":3,\"name\":\"\u00c9valuer sa responsabilit\u00e9\",\"item\":\"https:\\\/\\\/indr.lu\\\/fr\\\/les-services-aux-entreprises\\\/evaluer-sa-responsabilite\\\/\"},{\"@type\":\"ListItem\",\"position\":4,\"name\":\"M\u00e9thode d\u2019\u00e9valuation\"}]},{\"@type\":\"WebSite\",\"@id\":\"https:\\\/\\\/indr.lu\\\/fr\\\/#website\",\"url\":\"https:\\\/\\\/indr.lu\\\/fr\\\/\",\"name\":\"INDR\",\"description\":\"Institut national pour le d\u00e9veloppement durable et la RSE\",\"publisher\":{\"@id\":\"https:\\\/\\\/indr.lu\\\/fr\\\/#organization\"},\"potentialAction\":[{\"@type\":\"SearchAction\",\"target\":{\"@type\":\"EntryPoint\",\"urlTemplate\":\"https:\\\/\\\/indr.lu\\\/fr\\\/?s={search_term_string}\"},\"query-input\":{\"@type\":\"PropertyValueSpecification\",\"valueRequired\":true,\"valueName\":\"search_term_string\"}}],\"inLanguage\":\"fr-FR\"},{\"@type\":\"Organization\",\"@id\":\"https:\\\/\\\/indr.lu\\\/fr\\\/#organization\",\"name\":\"INDR\",\"alternateName\":\"L\u2019Institut National pour le D\u00e9veloppement durable et la Responsabilit\u00e9 sociale des entreprises\",\"url\":\"https:\\\/\\\/indr.lu\\\/fr\\\/\",\"logo\":{\"@type\":\"ImageObject\",\"inLanguage\":\"fr-FR\",\"@id\":\"https:\\\/\\\/indr.lu\\\/fr\\\/#\\\/schema\\\/logo\\\/image\\\/\",\"url\":\"https:\\\/\\\/indr.lu\\\/wp-content\\\/uploads\\\/2021\\\/04\\\/indr-logo.svg\",\"contentUrl\":\"https:\\\/\\\/indr.lu\\\/wp-content\\\/uploads\\\/2021\\\/04\\\/indr-logo.svg\",\"width\":\"1024\",\"height\":\"1024\",\"caption\":\"INDR\"},\"image\":{\"@id\":\"https:\\\/\\\/indr.lu\\\/fr\\\/#\\\/schema\\\/logo\\\/image\\\/\"},\"sameAs\":[\"https:\\\/\\\/www.facebook.com\\\/INDR.lu\",\"https:\\\/\\\/www.linkedin.com\\\/company\\\/indr---institut-national-pour-le-d-veloppement-durable-et-la-responsabilit-des-entreprises\\\/\"]}]}<\/script>\n<!-- \/ Yoast SEO plugin. -->","yoast_head_json":{"title":"M\u00e9thode d\u2019\u00e9valuation - INDR","robots":{"index":"index","follow":"follow","max-snippet":"max-snippet:-1","max-image-preview":"max-image-preview:large","max-video-preview":"max-video-preview:-1"},"canonical":"https:\/\/indr.lu\/fr\/les-services-aux-entreprises\/evaluer-sa-responsabilite\/methode-devaluation\/","og_locale":"fr_FR","og_type":"article","og_title":"M\u00e9thode d\u2019\u00e9valuation - INDR","og_description":"[vc_row type=&#8221;full_width_background&#8221; full_screen_row_position=&#8221;middle&#8221; column_margin=&#8221;default&#8221; column_direction=&#8221;default&#8221; column_direction_tablet=&#8221;default&#8221; column_direction_phone=&#8221;default&#8221; bg_image=&#8221;10606&#8243; bg_position=&#8221;left top&#8221; background_image_loading=&#8221;default&#8221; bg_repeat=&#8221;no-repeat&#8221; scene_position=&#8221;center&#8221; top_padding=&#8221;7%&#8221; bottom_padding=&#8221;7%&#8221; text_color=&#8221;light&#8221; text_align=&#8221;left&#8221; row_border_radius=&#8221;none&#8221; row_border_radius_applies=&#8221;bg&#8221; overflow=&#8221;visible&#8221; enable_gradient=&#8221;true&#8221; color_overlay=&#8221;#444444&#8243; overlay_strength=&#8221;0.8&#8243; gradient_direction=&#8221;left_to_right&#8221; shape_divider_position=&#8221;bottom&#8221; bg_image_animation=&#8221;none&#8221; shape_type=&#8221;&#8221;][vc_column column_padding=&#8221;no-extra-padding&#8221; column_padding_tablet=&#8221;inherit&#8221; column_padding_phone=&#8221;inherit&#8221;...","og_url":"https:\/\/indr.lu\/fr\/les-services-aux-entreprises\/evaluer-sa-responsabilite\/methode-devaluation\/","og_site_name":"INDR","article_publisher":"https:\/\/www.facebook.com\/INDR.lu","article_modified_time":"2026-03-10T14:59:31+00:00","twitter_card":"summary_large_image","twitter_misc":{"Dur\u00e9e de lecture estim\u00e9e":"3 minutes"},"schema":{"@context":"https:\/\/schema.org","@graph":[{"@type":"WebPage","@id":"https:\/\/indr.lu\/fr\/les-services-aux-entreprises\/evaluer-sa-responsabilite\/methode-devaluation\/","url":"https:\/\/indr.lu\/fr\/les-services-aux-entreprises\/evaluer-sa-responsabilite\/methode-devaluation\/","name":"M\u00e9thode d\u2019\u00e9valuation - INDR","isPartOf":{"@id":"https:\/\/indr.lu\/fr\/#website"},"datePublished":"2021-04-13T21:17:20+00:00","dateModified":"2026-03-10T14:59:31+00:00","breadcrumb":{"@id":"https:\/\/indr.lu\/fr\/les-services-aux-entreprises\/evaluer-sa-responsabilite\/methode-devaluation\/#breadcrumb"},"inLanguage":"fr-FR","potentialAction":[{"@type":"ReadAction","target":["https:\/\/indr.lu\/fr\/les-services-aux-entreprises\/evaluer-sa-responsabilite\/methode-devaluation\/"]}]},{"@type":"BreadcrumbList","@id":"https:\/\/indr.lu\/fr\/les-services-aux-entreprises\/evaluer-sa-responsabilite\/methode-devaluation\/#breadcrumb","itemListElement":[{"@type":"ListItem","position":1,"name":"Home","item":"https:\/\/indr.lu\/fr\/"},{"@type":"ListItem","position":2,"name":"Les services aux entreprises","item":"https:\/\/indr.lu\/fr\/les-services-aux-entreprises\/"},{"@type":"ListItem","position":3,"name":"\u00c9valuer sa responsabilit\u00e9","item":"https:\/\/indr.lu\/fr\/les-services-aux-entreprises\/evaluer-sa-responsabilite\/"},{"@type":"ListItem","position":4,"name":"M\u00e9thode d\u2019\u00e9valuation"}]},{"@type":"WebSite","@id":"https:\/\/indr.lu\/fr\/#website","url":"https:\/\/indr.lu\/fr\/","name":"INDR","description":"Institut national pour le d\u00e9veloppement durable et la RSE","publisher":{"@id":"https:\/\/indr.lu\/fr\/#organization"},"potentialAction":[{"@type":"SearchAction","target":{"@type":"EntryPoint","urlTemplate":"https:\/\/indr.lu\/fr\/?s={search_term_string}"},"query-input":{"@type":"PropertyValueSpecification","valueRequired":true,"valueName":"search_term_string"}}],"inLanguage":"fr-FR"},{"@type":"Organization","@id":"https:\/\/indr.lu\/fr\/#organization","name":"INDR","alternateName":"L\u2019Institut National pour le D\u00e9veloppement durable et la Responsabilit\u00e9 sociale des entreprises","url":"https:\/\/indr.lu\/fr\/","logo":{"@type":"ImageObject","inLanguage":"fr-FR","@id":"https:\/\/indr.lu\/fr\/#\/schema\/logo\/image\/","url":"https:\/\/indr.lu\/wp-content\/uploads\/2021\/04\/indr-logo.svg","contentUrl":"https:\/\/indr.lu\/wp-content\/uploads\/2021\/04\/indr-logo.svg","width":"1024","height":"1024","caption":"INDR"},"image":{"@id":"https:\/\/indr.lu\/fr\/#\/schema\/logo\/image\/"},"sameAs":["https:\/\/www.facebook.com\/INDR.lu","https:\/\/www.linkedin.com\/company\/indr---institut-national-pour-le-d-veloppement-durable-et-la-responsabilit-des-entreprises\/"]}]}},"_links":{"self":[{"href":"https:\/\/indr.lu\/fr\/wp-json\/wp\/v2\/pages\/9851","targetHints":{"allow":["GET"]}}],"collection":[{"href":"https:\/\/indr.lu\/fr\/wp-json\/wp\/v2\/pages"}],"about":[{"href":"https:\/\/indr.lu\/fr\/wp-json\/wp\/v2\/types\/page"}],"author":[{"embeddable":true,"href":"https:\/\/indr.lu\/fr\/wp-json\/wp\/v2\/users\/26"}],"replies":[{"embeddable":true,"href":"https:\/\/indr.lu\/fr\/wp-json\/wp\/v2\/comments?post=9851"}],"version-history":[{"count":35,"href":"https:\/\/indr.lu\/fr\/wp-json\/wp\/v2\/pages\/9851\/revisions"}],"predecessor-version":[{"id":19361,"href":"https:\/\/indr.lu\/fr\/wp-json\/wp\/v2\/pages\/9851\/revisions\/19361"}],"up":[{"embeddable":true,"href":"https:\/\/indr.lu\/fr\/wp-json\/wp\/v2\/pages\/9847"}],"wp:attachment":[{"href":"https:\/\/indr.lu\/fr\/wp-json\/wp\/v2\/media?parent=9851"}],"curies":[{"name":"wp","href":"https:\/\/api.w.org\/{rel}","templated":true}]}}