{"id":9913,"date":"2021-04-13T22:18:43","date_gmt":"2021-04-13T22:18:43","guid":{"rendered":"https:\/\/indr.cuco.dev\/?page_id=9913"},"modified":"2024-03-06T10:41:48","modified_gmt":"2024-03-06T10:41:48","slug":"evenements","status":"publish","type":"page","link":"https:\/\/indr.lu\/fr\/evenements\/","title":{"rendered":"\u00c9v\u00e9nements"},"content":{"rendered":"[vc_row type=&#8221;in_container&#8221; full_screen_row_position=&#8221;middle&#8221; column_margin=&#8221;default&#8221; column_direction=&#8221;default&#8221; column_direction_tablet=&#8221;default&#8221; column_direction_phone=&#8221;default&#8221; scene_position=&#8221;center&#8221; text_color=&#8221;dark&#8221; text_align=&#8221;left&#8221; row_border_radius=&#8221;none&#8221; row_border_radius_applies=&#8221;bg&#8221; disable_element=&#8221;yes&#8221; overlay_strength=&#8221;0.3&#8243; gradient_direction=&#8221;left_to_right&#8221; shape_divider_position=&#8221;bottom&#8221; bg_image_animation=&#8221;none&#8221; shape_type=&#8221;&#8221;][vc_column column_padding=&#8221;no-extra-padding&#8221; column_padding_tablet=&#8221;inherit&#8221; column_padding_phone=&#8221;inherit&#8221; column_padding_position=&#8221;all&#8221; column_element_spacing=&#8221;default&#8221; background_color_opacity=&#8221;1&#8243; background_hover_color_opacity=&#8221;1&#8243; column_shadow=&#8221;none&#8221; column_border_radius=&#8221;none&#8221; column_link_target=&#8221;_self&#8221; gradient_direction=&#8221;left_to_right&#8221; overlay_strength=&#8221;0.3&#8243; width=&#8221;1\/1&#8243; tablet_width_inherit=&#8221;default&#8221; tablet_text_alignment=&#8221;default&#8221; phone_text_alignment=&#8221;default&#8221; bg_image_animation=&#8221;none&#8221; border_type=&#8221;simple&#8221; column_border_width=&#8221;none&#8221; column_border_style=&#8221;solid&#8221;][vc_custom_heading text=&#8221;\u00c9v\u00e9nements&#8221; font_container=&#8221;tag:h1|text_align:left|color:%23000000&#8243; use_theme_fonts=&#8221;yes&#8221; el_class=&#8221;cc-events-headline&#8221;][divider line_type=&#8221;No Line&#8221;][\/vc_column][\/vc_row][vc_row type=&#8221;in_container&#8221; full_screen_row_position=&#8221;middle&#8221; column_margin=&#8221;default&#8221; column_direction=&#8221;default&#8221; column_direction_tablet=&#8221;default&#8221; column_direction_phone=&#8221;default&#8221; scene_position=&#8221;center&#8221; text_color=&#8221;dark&#8221; text_align=&#8221;left&#8221; row_border_radius=&#8221;none&#8221; row_border_radius_applies=&#8221;bg&#8221; overlay_strength=&#8221;0.3&#8243; gradient_direction=&#8221;left_to_right&#8221; shape_divider_position=&#8221;bottom&#8221; bg_image_animation=&#8221;none&#8221;][vc_column column_padding=&#8221;no-extra-padding&#8221; column_padding_tablet=&#8221;inherit&#8221; column_padding_phone=&#8221;inherit&#8221; column_padding_position=&#8221;all&#8221; column_element_spacing=&#8221;default&#8221; background_color_opacity=&#8221;1&#8243; background_hover_color_opacity=&#8221;1&#8243; column_shadow=&#8221;none&#8221; column_border_radius=&#8221;none&#8221; column_link_target=&#8221;_self&#8221; gradient_direction=&#8221;left_to_right&#8221; overlay_strength=&#8221;0.3&#8243; width=&#8221;1\/1&#8243; tablet_width_inherit=&#8221;default&#8221; tablet_text_alignment=&#8221;default&#8221; phone_text_alignment=&#8221;default&#8221; bg_image_animation=&#8221;none&#8221; border_type=&#8221;simple&#8221; column_border_width=&#8221;none&#8221; column_border_style=&#8221;solid&#8221;]<div class=\"cc-events-wrapper sidebar\"><div><h1>Cycle de formation<\/h1><\/div><div style=\"padding-top:50px;\" class=\"cc-events-ajax-wrapper 69dedf541da65\"><\/div><script>jQuery(document).ready(function () { performEventsRequest('69dedf541da65','-1',171,'all', 'upcoming'); })<\/script><\/div><div class=\"cc-events-wrapper sidebar\"><div class=\"cc-events-filter\"><div style=\"margin-bottom:100px;\"><h1>Autres \u00c9v\u00e9nements<\/h1><\/div><div class=\"cc-events-checkboxFilter\"><input class=\"cc-events-checkbox\" \n                                    type=\"checkbox\" \n                                    name=\"events_categories\" \n                                    value=\"180\"\n                                    id=\"cc-events-checkbox-salon\">\n                            <label for=\"cc-events-checkbox-salon\">Salon<\/label><input class=\"cc-events-checkbox\" \n                                    type=\"checkbox\" \n                                    name=\"events_categories\" \n                                    value=\"113\"\n                                    id=\"cc-events-checkbox-formations-indr\">\n                            <label for=\"cc-events-checkbox-formations-indr\">Webinars<\/label><input class=\"cc-events-checkbox\" \n                                    type=\"checkbox\" \n                                    name=\"events_categories\" \n                                    value=\"114\"\n                                    id=\"cc-events-checkbox-autres-formations\">\n                            <label for=\"cc-events-checkbox-autres-formations\">Autres formations<\/label><input class=\"cc-events-checkbox\" \n                                    type=\"checkbox\" \n                                    name=\"events_categories\" \n                                    value=\"115\"\n                                    id=\"cc-events-checkbox-conferences\">\n                            <label for=\"cc-events-checkbox-conferences\">Conf\u00e9rences<\/label><input class=\"cc-events-checkbox\"\n                                    type=\"checkbox\" \n                                    name=\"events_categories\" \n                                    value=\"-1\"\n                                    id=\"cc-events-checkbox-past\">\n                            <label for=\"cc-events-checkbox-past\">\u00c9v\u00e9nements pass\u00e9s<\/label><\/div><\/div><div style=\"padding-top:50px;\" class=\"cc-events-ajax-wrapper 69dedf541da63\"><\/div><\/div>    <script>\n        \/\/ use URL params on initial request\n        let timespan = 'upcoming';\n        let taxTermIDs = '';\n        let eventType = 'events';\n\n        jQuery(document).ready(function () {\n\n\n            let url = new URL(window.location.href);\n            let urlParams = new URLSearchParams(url.search);\n            let excluded = '171';\n            let urlParamKeys = urlParams.keys();\n            for (const key of urlParamKeys) {\n                if (key != 'past') {\n                    taxTermIDs += jQuery('#cc-events-checkbox-' + key).val() + ',';\n                    jQuery('#cc-events-checkbox-' + key).prop('checked', true);\n                } else if (key == 'past') {\n                    jQuery('#cc-events-checkbox-past').prop('checked', true);\n                    timespan = 'past';\n                }\n            }\n            taxTermIDs = taxTermIDs.slice(0, -1);\n\n            if (eventType === 'events') {\n                eventType = 'event';\n            }\n\n            performEventsRequest('69dedf541da63', '-1', taxTermIDs, eventType, timespan, null, excluded);\n            bindHandleEvents('69dedf541da63', '-1', 'events', excluded);\n\n        })\n    <\/script>\n\t[\/vc_column][\/vc_row][vc_row type=&#8221;in_container&#8221; full_screen_row_position=&#8221;middle&#8221; column_margin=&#8221;default&#8221; column_direction=&#8221;default&#8221; column_direction_tablet=&#8221;default&#8221; column_direction_phone=&#8221;default&#8221; scene_position=&#8221;center&#8221; text_color=&#8221;dark&#8221; text_align=&#8221;left&#8221; row_border_radius=&#8221;none&#8221; row_border_radius_applies=&#8221;bg&#8221; overlay_strength=&#8221;0.3&#8243; gradient_direction=&#8221;left_to_right&#8221; shape_divider_position=&#8221;bottom&#8221; bg_image_animation=&#8221;none&#8221; shape_type=&#8221;&#8221;][vc_column column_padding=&#8221;no-extra-padding&#8221; column_padding_tablet=&#8221;inherit&#8221; column_padding_phone=&#8221;inherit&#8221; column_padding_position=&#8221;all&#8221; column_element_spacing=&#8221;default&#8221; background_color_opacity=&#8221;1&#8243; background_hover_color_opacity=&#8221;1&#8243; column_shadow=&#8221;none&#8221; column_border_radius=&#8221;none&#8221; column_link_target=&#8221;_self&#8221; gradient_direction=&#8221;left_to_right&#8221; overlay_strength=&#8221;0.3&#8243; width=&#8221;1\/1&#8243; tablet_width_inherit=&#8221;default&#8221; tablet_text_alignment=&#8221;default&#8221; phone_text_alignment=&#8221;default&#8221; bg_image_animation=&#8221;none&#8221; border_type=&#8221;simple&#8221; column_border_width=&#8221;none&#8221; column_border_style=&#8221;solid&#8221;]        <div class=\"cc-events-wrapper sidebar\">\r\n        <div><\/div>\r\n\t\r\n    <div class=\"cc-events-ajax-wrapper\" style=\"\">\r\n\t\t\r\n            <div class='cc-event-itemWrapper'>\r\n                <div>\r\n                    <span>30.09.2026<\/span>\r\n                    <span>House of Training<\/span>\r\n                <\/div>\r\n                <h1>Introduction \u00e0 la RSE et au Programme ESR \u00ab Entreprise Responsable \u00bb<\/h1>\r\n                <img decoding=\"async\"\r\n                        data-shadow=\"none\" data-shadow-direction=\"middle\" data-delay=\"0\" data-animation=\"fade-in\"\r\n                        data-animation=\"fade-in\"\r\n                        class=\"img-with-animation skip-lazy animated-in discussion-img\"\r\n                        height=\"810\" width=\"1920\"\r\n                        src=\"https:\/\/indr.lu\/wp-content\/uploads\/2023\/04\/general.jpg\"\r\n                        srcset=\"https:\/\/indr.lu\/wp-content\/uploads\/2023\/04\/general.jpg 1920w, https:\/\/indr.lu\/wp-content\/uploads\/2023\/04\/general.jpg 300w, https:\/\/indr.lu\/wp-content\/uploads\/2023\/04\/general.jpg 768w, https:\/\/indr.lu\/wp-content\/uploads\/2023\/04\/general.jpg 1024w\"\r\n                        sizes=\"100vw\" alt=\"\" style=\"opacity: 1;\"\r\n                >\r\n                <a target=\"_blank\" rel=\"nofollow\"\r\n                   href=\"https:\/\/www.houseoftraining.lu\/training\/1722\">\r\n                    <span>En savoir plus<\/span>\r\n                <\/a>\r\n            <\/div>\r\n\r\n\t\t\r\n            <div class='cc-event-itemWrapper'>\r\n                <div>\r\n                    <span><\/span>\r\n                    <span>House of Training<\/span>\r\n                <\/div>\r\n                <h1>CSR and ESR Assessment Module - An Introduction to CSR, the Label and the ESR Programme<\/h1>\r\n                <img decoding=\"async\"\r\n                        data-shadow=\"none\" data-shadow-direction=\"middle\" data-delay=\"0\" data-animation=\"fade-in\"\r\n                        data-animation=\"fade-in\"\r\n                        class=\"img-with-animation skip-lazy animated-in discussion-img\"\r\n                        height=\"810\" width=\"1920\"\r\n                        src=\"https:\/\/indr.lu\/wp-content\/uploads\/2023\/04\/general.jpg\"\r\n                        srcset=\"https:\/\/indr.lu\/wp-content\/uploads\/2023\/04\/general.jpg 1920w, https:\/\/indr.lu\/wp-content\/uploads\/2023\/04\/general.jpg 300w, https:\/\/indr.lu\/wp-content\/uploads\/2023\/04\/general.jpg 768w, https:\/\/indr.lu\/wp-content\/uploads\/2023\/04\/general.jpg 1024w\"\r\n                        sizes=\"100vw\" alt=\"\" style=\"opacity: 1;\"\r\n                >\r\n                <a target=\"_blank\" rel=\"nofollow\"\r\n                   href=\"https:\/\/www.houseoftraining.lu\/training\/11588\">\r\n                    <span>En savoir plus<\/span>\r\n                <\/a>\r\n            <\/div>\r\n\r\n\t\t\r\n            <div class='cc-event-itemWrapper'>\r\n                <div>\r\n                    <span>25.09.2026<\/span>\r\n                    <span>House of Training<\/span>\r\n                <\/div>\r\n                <h1>Transformer son business gr\u00e2ce \u00e0 la durabilit\u00e9 et \u00e0 l\u2019\u00e9conomie circulaire<\/h1>\r\n                <img decoding=\"async\"\r\n                        data-shadow=\"none\" data-shadow-direction=\"middle\" data-delay=\"0\" data-animation=\"fade-in\"\r\n                        data-animation=\"fade-in\"\r\n                        class=\"img-with-animation skip-lazy animated-in discussion-img\"\r\n                        height=\"810\" width=\"1920\"\r\n                        src=\"https:\/\/indr.lu\/wp-content\/uploads\/2023\/04\/general.jpg\"\r\n                        srcset=\"https:\/\/indr.lu\/wp-content\/uploads\/2023\/04\/general.jpg 1920w, https:\/\/indr.lu\/wp-content\/uploads\/2023\/04\/general.jpg 300w, https:\/\/indr.lu\/wp-content\/uploads\/2023\/04\/general.jpg 768w, https:\/\/indr.lu\/wp-content\/uploads\/2023\/04\/general.jpg 1024w\"\r\n                        sizes=\"100vw\" alt=\"\" style=\"opacity: 1;\"\r\n                >\r\n                <a target=\"_blank\" rel=\"nofollow\"\r\n                   href=\"https:\/\/www.houseoftraining.lu\/training\/4340\">\r\n                    <span>En savoir plus<\/span>\r\n                <\/a>\r\n            <\/div>\r\n\r\n\t\t\r\n    <\/div>\r\n\r\n\t        <\/div>\r\n\t\r\n\t[\/vc_column][\/vc_row]\n","protected":false},"excerpt":{"rendered":"<p>[vc_row type=&#8221;in_container&#8221; full_screen_row_position=&#8221;middle&#8221; column_margin=&#8221;default&#8221; column_direction=&#8221;default&#8221; column_direction_tablet=&#8221;default&#8221; column_direction_phone=&#8221;default&#8221; scene_position=&#8221;center&#8221; text_color=&#8221;dark&#8221; text_align=&#8221;left&#8221; row_border_radius=&#8221;none&#8221; row_border_radius_applies=&#8221;bg&#8221; disable_element=&#8221;yes&#8221; overlay_strength=&#8221;0.3&#8243; gradient_direction=&#8221;left_to_right&#8221; shape_divider_position=&#8221;bottom&#8221; bg_image_animation=&#8221;none&#8221; shape_type=&#8221;&#8221;][vc_column column_padding=&#8221;no-extra-padding&#8221; column_padding_tablet=&#8221;inherit&#8221; column_padding_phone=&#8221;inherit&#8221; column_padding_position=&#8221;all&#8221; column_element_spacing=&#8221;default&#8221; background_color_opacity=&#8221;1&#8243; background_hover_color_opacity=&#8221;1&#8243; column_shadow=&#8221;none&#8221; column_border_radius=&#8221;none&#8221; column_link_target=&#8221;_self&#8221; gradient_direction=&#8221;left_to_right&#8221; overlay_strength=&#8221;0.3&#8243;&#8230;<\/p>\n","protected":false},"author":26,"featured_media":0,"parent":0,"menu_order":0,"comment_status":"closed","ping_status":"closed","template":"","meta":{"_acf_changed":false,"inline_featured_image":false,"footnotes":""},"class_list":["post-9913","page","type-page","status-publish"],"acf":[],"yoast_head":"<!-- This site is optimized with the Yoast SEO plugin v27.3 - https:\/\/yoast.com\/product\/yoast-seo-wordpress\/ -->\n<title>\u00c9v\u00e9nements - INDR<\/title>\n<meta name=\"robots\" content=\"index, follow, max-snippet:-1, max-image-preview:large, max-video-preview:-1\" \/>\n<link rel=\"canonical\" href=\"https:\/\/indr.lu\/fr\/evenements\/\" \/>\n<meta property=\"og:locale\" content=\"fr_FR\" \/>\n<meta property=\"og:type\" content=\"article\" \/>\n<meta property=\"og:title\" content=\"\u00c9v\u00e9nements - INDR\" \/>\n<meta property=\"og:description\" content=\"[vc_row type=&#8221;in_container&#8221; full_screen_row_position=&#8221;middle&#8221; column_margin=&#8221;default&#8221; column_direction=&#8221;default&#8221; column_direction_tablet=&#8221;default&#8221; column_direction_phone=&#8221;default&#8221; scene_position=&#8221;center&#8221; text_color=&#8221;dark&#8221; text_align=&#8221;left&#8221; row_border_radius=&#8221;none&#8221; row_border_radius_applies=&#8221;bg&#8221; disable_element=&#8221;yes&#8221; overlay_strength=&#8221;0.3&#8243; gradient_direction=&#8221;left_to_right&#8221; shape_divider_position=&#8221;bottom&#8221; bg_image_animation=&#8221;none&#8221; shape_type=&#8221;&#8221;][vc_column column_padding=&#8221;no-extra-padding&#8221; column_padding_tablet=&#8221;inherit&#8221; column_padding_phone=&#8221;inherit&#8221; column_padding_position=&#8221;all&#8221; column_element_spacing=&#8221;default&#8221; background_color_opacity=&#8221;1&#8243; background_hover_color_opacity=&#8221;1&#8243; column_shadow=&#8221;none&#8221; column_border_radius=&#8221;none&#8221; column_link_target=&#8221;_self&#8221; gradient_direction=&#8221;left_to_right&#8221; overlay_strength=&#8221;0.3&#8243;...\" \/>\n<meta property=\"og:url\" content=\"https:\/\/indr.lu\/fr\/evenements\/\" \/>\n<meta property=\"og:site_name\" content=\"INDR\" \/>\n<meta property=\"article:publisher\" content=\"https:\/\/www.facebook.com\/INDR.lu\" \/>\n<meta property=\"article:modified_time\" content=\"2024-03-06T10:41:48+00:00\" \/>\n<meta name=\"twitter:card\" content=\"summary_large_image\" \/>\n<meta name=\"twitter:label1\" content=\"Dur\u00e9e de lecture estim\u00e9e\" \/>\n\t<meta name=\"twitter:data1\" content=\"1 minute\" \/>\n<script type=\"application\/ld+json\" class=\"yoast-schema-graph\">{\"@context\":\"https:\\\/\\\/schema.org\",\"@graph\":[{\"@type\":\"WebPage\",\"@id\":\"https:\\\/\\\/indr.lu\\\/fr\\\/evenements\\\/\",\"url\":\"https:\\\/\\\/indr.lu\\\/fr\\\/evenements\\\/\",\"name\":\"\u00c9v\u00e9nements - INDR\",\"isPartOf\":{\"@id\":\"https:\\\/\\\/indr.lu\\\/fr\\\/#website\"},\"datePublished\":\"2021-04-13T22:18:43+00:00\",\"dateModified\":\"2024-03-06T10:41:48+00:00\",\"breadcrumb\":{\"@id\":\"https:\\\/\\\/indr.lu\\\/fr\\\/evenements\\\/#breadcrumb\"},\"inLanguage\":\"fr-FR\",\"potentialAction\":[{\"@type\":\"ReadAction\",\"target\":[\"https:\\\/\\\/indr.lu\\\/fr\\\/evenements\\\/\"]}]},{\"@type\":\"BreadcrumbList\",\"@id\":\"https:\\\/\\\/indr.lu\\\/fr\\\/evenements\\\/#breadcrumb\",\"itemListElement\":[{\"@type\":\"ListItem\",\"position\":1,\"name\":\"Home\",\"item\":\"https:\\\/\\\/indr.lu\\\/fr\\\/\"},{\"@type\":\"ListItem\",\"position\":2,\"name\":\"\u00c9v\u00e9nements\"}]},{\"@type\":\"WebSite\",\"@id\":\"https:\\\/\\\/indr.lu\\\/fr\\\/#website\",\"url\":\"https:\\\/\\\/indr.lu\\\/fr\\\/\",\"name\":\"INDR\",\"description\":\"Institut national pour le d\u00e9veloppement durable et la RSE\",\"publisher\":{\"@id\":\"https:\\\/\\\/indr.lu\\\/fr\\\/#organization\"},\"potentialAction\":[{\"@type\":\"SearchAction\",\"target\":{\"@type\":\"EntryPoint\",\"urlTemplate\":\"https:\\\/\\\/indr.lu\\\/fr\\\/?s={search_term_string}\"},\"query-input\":{\"@type\":\"PropertyValueSpecification\",\"valueRequired\":true,\"valueName\":\"search_term_string\"}}],\"inLanguage\":\"fr-FR\"},{\"@type\":\"Organization\",\"@id\":\"https:\\\/\\\/indr.lu\\\/fr\\\/#organization\",\"name\":\"INDR\",\"alternateName\":\"L\u2019Institut National pour le D\u00e9veloppement durable et la Responsabilit\u00e9 sociale des entreprises\",\"url\":\"https:\\\/\\\/indr.lu\\\/fr\\\/\",\"logo\":{\"@type\":\"ImageObject\",\"inLanguage\":\"fr-FR\",\"@id\":\"https:\\\/\\\/indr.lu\\\/fr\\\/#\\\/schema\\\/logo\\\/image\\\/\",\"url\":\"https:\\\/\\\/indr.lu\\\/wp-content\\\/uploads\\\/2021\\\/04\\\/indr-logo.svg\",\"contentUrl\":\"https:\\\/\\\/indr.lu\\\/wp-content\\\/uploads\\\/2021\\\/04\\\/indr-logo.svg\",\"width\":\"1024\",\"height\":\"1024\",\"caption\":\"INDR\"},\"image\":{\"@id\":\"https:\\\/\\\/indr.lu\\\/fr\\\/#\\\/schema\\\/logo\\\/image\\\/\"},\"sameAs\":[\"https:\\\/\\\/www.facebook.com\\\/INDR.lu\",\"https:\\\/\\\/www.linkedin.com\\\/company\\\/indr---institut-national-pour-le-d-veloppement-durable-et-la-responsabilit-des-entreprises\\\/\"]}]}<\/script>\n<!-- \/ Yoast SEO plugin. -->","yoast_head_json":{"title":"\u00c9v\u00e9nements - INDR","robots":{"index":"index","follow":"follow","max-snippet":"max-snippet:-1","max-image-preview":"max-image-preview:large","max-video-preview":"max-video-preview:-1"},"canonical":"https:\/\/indr.lu\/fr\/evenements\/","og_locale":"fr_FR","og_type":"article","og_title":"\u00c9v\u00e9nements - INDR","og_description":"[vc_row type=&#8221;in_container&#8221; full_screen_row_position=&#8221;middle&#8221; column_margin=&#8221;default&#8221; column_direction=&#8221;default&#8221; column_direction_tablet=&#8221;default&#8221; column_direction_phone=&#8221;default&#8221; scene_position=&#8221;center&#8221; text_color=&#8221;dark&#8221; text_align=&#8221;left&#8221; row_border_radius=&#8221;none&#8221; row_border_radius_applies=&#8221;bg&#8221; disable_element=&#8221;yes&#8221; overlay_strength=&#8221;0.3&#8243; gradient_direction=&#8221;left_to_right&#8221; shape_divider_position=&#8221;bottom&#8221; bg_image_animation=&#8221;none&#8221; shape_type=&#8221;&#8221;][vc_column column_padding=&#8221;no-extra-padding&#8221; column_padding_tablet=&#8221;inherit&#8221; column_padding_phone=&#8221;inherit&#8221; column_padding_position=&#8221;all&#8221; column_element_spacing=&#8221;default&#8221; background_color_opacity=&#8221;1&#8243; background_hover_color_opacity=&#8221;1&#8243; column_shadow=&#8221;none&#8221; column_border_radius=&#8221;none&#8221; column_link_target=&#8221;_self&#8221; gradient_direction=&#8221;left_to_right&#8221; overlay_strength=&#8221;0.3&#8243;...","og_url":"https:\/\/indr.lu\/fr\/evenements\/","og_site_name":"INDR","article_publisher":"https:\/\/www.facebook.com\/INDR.lu","article_modified_time":"2024-03-06T10:41:48+00:00","twitter_card":"summary_large_image","twitter_misc":{"Dur\u00e9e de lecture estim\u00e9e":"1 minute"},"schema":{"@context":"https:\/\/schema.org","@graph":[{"@type":"WebPage","@id":"https:\/\/indr.lu\/fr\/evenements\/","url":"https:\/\/indr.lu\/fr\/evenements\/","name":"\u00c9v\u00e9nements - INDR","isPartOf":{"@id":"https:\/\/indr.lu\/fr\/#website"},"datePublished":"2021-04-13T22:18:43+00:00","dateModified":"2024-03-06T10:41:48+00:00","breadcrumb":{"@id":"https:\/\/indr.lu\/fr\/evenements\/#breadcrumb"},"inLanguage":"fr-FR","potentialAction":[{"@type":"ReadAction","target":["https:\/\/indr.lu\/fr\/evenements\/"]}]},{"@type":"BreadcrumbList","@id":"https:\/\/indr.lu\/fr\/evenements\/#breadcrumb","itemListElement":[{"@type":"ListItem","position":1,"name":"Home","item":"https:\/\/indr.lu\/fr\/"},{"@type":"ListItem","position":2,"name":"\u00c9v\u00e9nements"}]},{"@type":"WebSite","@id":"https:\/\/indr.lu\/fr\/#website","url":"https:\/\/indr.lu\/fr\/","name":"INDR","description":"Institut national pour le d\u00e9veloppement durable et la RSE","publisher":{"@id":"https:\/\/indr.lu\/fr\/#organization"},"potentialAction":[{"@type":"SearchAction","target":{"@type":"EntryPoint","urlTemplate":"https:\/\/indr.lu\/fr\/?s={search_term_string}"},"query-input":{"@type":"PropertyValueSpecification","valueRequired":true,"valueName":"search_term_string"}}],"inLanguage":"fr-FR"},{"@type":"Organization","@id":"https:\/\/indr.lu\/fr\/#organization","name":"INDR","alternateName":"L\u2019Institut National pour le D\u00e9veloppement durable et la Responsabilit\u00e9 sociale des entreprises","url":"https:\/\/indr.lu\/fr\/","logo":{"@type":"ImageObject","inLanguage":"fr-FR","@id":"https:\/\/indr.lu\/fr\/#\/schema\/logo\/image\/","url":"https:\/\/indr.lu\/wp-content\/uploads\/2021\/04\/indr-logo.svg","contentUrl":"https:\/\/indr.lu\/wp-content\/uploads\/2021\/04\/indr-logo.svg","width":"1024","height":"1024","caption":"INDR"},"image":{"@id":"https:\/\/indr.lu\/fr\/#\/schema\/logo\/image\/"},"sameAs":["https:\/\/www.facebook.com\/INDR.lu","https:\/\/www.linkedin.com\/company\/indr---institut-national-pour-le-d-veloppement-durable-et-la-responsabilit-des-entreprises\/"]}]}},"_links":{"self":[{"href":"https:\/\/indr.lu\/fr\/wp-json\/wp\/v2\/pages\/9913","targetHints":{"allow":["GET"]}}],"collection":[{"href":"https:\/\/indr.lu\/fr\/wp-json\/wp\/v2\/pages"}],"about":[{"href":"https:\/\/indr.lu\/fr\/wp-json\/wp\/v2\/types\/page"}],"author":[{"embeddable":true,"href":"https:\/\/indr.lu\/fr\/wp-json\/wp\/v2\/users\/26"}],"replies":[{"embeddable":true,"href":"https:\/\/indr.lu\/fr\/wp-json\/wp\/v2\/comments?post=9913"}],"version-history":[{"count":35,"href":"https:\/\/indr.lu\/fr\/wp-json\/wp\/v2\/pages\/9913\/revisions"}],"predecessor-version":[{"id":14878,"href":"https:\/\/indr.lu\/fr\/wp-json\/wp\/v2\/pages\/9913\/revisions\/14878"}],"wp:attachment":[{"href":"https:\/\/indr.lu\/fr\/wp-json\/wp\/v2\/media?parent=9913"}],"curies":[{"name":"wp","href":"https:\/\/api.w.org\/{rel}","templated":true}]}}