{"id":9932,"date":"2021-04-14T14:55:02","date_gmt":"2021-04-14T14:55:02","guid":{"rendered":"https:\/\/indr.cuco.dev\/?page_id=9932"},"modified":"2021-06-09T11:58:01","modified_gmt":"2021-06-09T11:58:01","slug":"politique-de-confidentialite","status":"publish","type":"page","link":"https:\/\/indr.lu\/fr\/politique-de-confidentialite\/","title":{"rendered":"Politique de confidentialit\u00e9"},"content":{"rendered":"[vc_row type=&#8221;in_container&#8221; full_screen_row_position=&#8221;middle&#8221; column_margin=&#8221;default&#8221; column_direction=&#8221;default&#8221; column_direction_tablet=&#8221;default&#8221; column_direction_phone=&#8221;default&#8221; scene_position=&#8221;center&#8221; bottom_padding=&#8221;5%&#8221; text_color=&#8221;dark&#8221; text_align=&#8221;left&#8221; row_border_radius=&#8221;none&#8221; row_border_radius_applies=&#8221;bg&#8221; overlay_strength=&#8221;0.3&#8243; gradient_direction=&#8221;left_to_right&#8221; shape_divider_position=&#8221;bottom&#8221; bg_image_animation=&#8221;none&#8221; shape_type=&#8221;&#8221;][vc_column column_padding=&#8221;no-extra-padding&#8221; column_padding_tablet=&#8221;inherit&#8221; column_padding_phone=&#8221;inherit&#8221; column_padding_position=&#8221;all&#8221; column_element_spacing=&#8221;default&#8221; background_color_opacity=&#8221;1&#8243; background_hover_color_opacity=&#8221;1&#8243; column_shadow=&#8221;none&#8221; column_border_radius=&#8221;none&#8221; column_link_target=&#8221;_self&#8221; gradient_direction=&#8221;left_to_right&#8221; overlay_strength=&#8221;0.3&#8243; width=&#8221;1\/1&#8243; tablet_width_inherit=&#8221;default&#8221; tablet_text_alignment=&#8221;default&#8221; phone_text_alignment=&#8221;default&#8221; bg_image_animation=&#8221;none&#8221; border_type=&#8221;simple&#8221; column_border_width=&#8221;none&#8221; column_border_style=&#8221;solid&#8221;][vc_custom_heading source=&#8221;post_title&#8221; use_theme_fonts=&#8221;yes&#8221;][divider line_type=&#8221;No Line&#8221; custom_height=&#8221;50&#8243;][vc_column_text]<strong>A l\u2019attention des personnes qui consultent et utilisent les sites Internet et comptes en ligne de l\u2019INDR et des personnes inscrites \u00e0 la Newsletter de l\u2019INDR.<\/strong><\/p>\n<p>La pr\u00e9sente notice a pour objet de d\u00e9finir les conditions dans lesquelles les donn\u00e9es \u00e0 caract\u00e8re personnel sont trait\u00e9es et collect\u00e9es suivant le R\u00e8glement 2016\/679 du 27 avril 2016 relatif \u00e0 la protection des personnes physiques \u00e0 l\u2019\u00e9gard du traitement des donn\u00e9es \u00e0 caract\u00e8re personnel et \u00e0 la libre circulation de ces donn\u00e9es (\u00ab RGDP \u00bb).<\/p>\n<p><strong>Quelles sont les donn\u00e9es personnelles trait\u00e9es ?<\/strong><\/p>\n<p>Une donn\u00e9e personnelle ou une donn\u00e9e \u00e0 caract\u00e8re personnel est une information qui permet d\u2019identifier, directement ou indirectement, une personne physique (d\u00e9sign\u00e9e comme la \u00ab personne concern\u00e9e \u00bb).<br \/>\nLes donn\u00e9es que l\u2019INDR est actuellement susceptible de traiter sont les suivantes :<\/p>\n<ul>\n<li>nom, pr\u00e9nom, genre, institution ou entreprise, fonction, adresse postale, adresse mail, num\u00e9ro de t\u00e9l\u00e9phone, date d\u2019adh\u00e9sion,<\/li>\n<li>informations sur les connexions aux sites et comptes de m\u00e9dia sociaux de l\u2019INDR (Google Analytics et cookies associ\u00e9s, MailChimp, \u2026) telles que les pages consult\u00e9es, la date et l\u2019heure de consultation, l\u2019adresse IP, les sites sources ayant permis d\u2019acc\u00e9der aux sites et comptes en ligne de l\u2019INDR, la zone g\u00e9ographique, et le mat\u00e9riel informatique utilis\u00e9.<br \/>\nCes informations sont principalement fournies par la personne concern\u00e9e directement, notamment par une prise de contact avec un repr\u00e9sentant ou un collaborateur de l\u2019INDR ou via les sites et comptes en ligne de l\u2019INDR. Par exception, les nom, pr\u00e9nom, institution ou entreprise, fonction, adresse postale, adresse mail, num\u00e9ro de t\u00e9l\u00e9phone peuvent \u00e9galement \u00eatre obtenus en consultant des informations librement accessibles au public, telles que des annuaires t\u00e9l\u00e9phoniques, sites Internet, communiqu\u00e9s ou informations de presse.<\/li>\n<\/ul>\n<p><strong><br \/>\nA quelles fins les donn\u00e9es personnelles sont-elles trait\u00e9es et quelle est la base juridique du traitement ?<\/strong><\/p>\n<p>Les donn\u00e9es sont trait\u00e9es dans le cadre de la gestion globale de l\u2019activit\u00e9 de l\u2019INDR, \u00e0 savoir<\/p>\n<ul>\n<li>pour la convivialit\u00e9 et l\u2019optimisation des sites et comptes en ligne<\/li>\n<li>pour l\u2019envoi des Newsletters<\/li>\n<li>pour la gestion administrative<\/li>\n<li>\u00e0 des fins statistiques.<\/li>\n<\/ul>\n<p>Lorsque l\u2019INDR n\u2019a pas conclu de contrat avec la personne concern\u00e9e, que le traitement ne repose pas sur le consentement de la personne concern\u00e9e ou sur une obligation l\u00e9gale, l\u2019INDR traite les donn\u00e9es personnelles sur base d\u2019un int\u00e9r\u00eat l\u00e9gitime, en fonction de sa mission (cf. rubrique \u00ab Qui sommes-nous ? \u00bb) \u00e0 moins que ne pr\u00e9valent les int\u00e9r\u00eats ou les libert\u00e9s et droits fondamentaux de la personne concern\u00e9e.<\/p>\n<p><strong>A qui sont transf\u00e9r\u00e9es les donn\u00e9es personnelles ? Combien de temps sont-elles conserv\u00e9es ?<\/strong><\/p>\n<p>Les donn\u00e9es personnelles sont r\u00e9serv\u00e9es \u00e0 un usage interne sans but commercial. Elles sont susceptibles d\u2019\u00eatre partag\u00e9es seulement pour des besoins informatiques avec des prestataires en Europe et dans des pays tiers sous r\u00e9serve de pr\u00e9senter des garanties suffisantes au regard du RGPD, pour l\u2019ex\u00e9cution du contrat entre l\u2019INDR et ses membres dans le cadre sa mission (cf. rubrique \u00ab Qui sommes-nous ? \u00bb) ou pour toute autre raison juridique l\u00e9gitime.<\/p>\n<p>L\u2019INDR attire l\u2019attention sur le fait que les informations sur les connexions aux sites et comptes en ligne de l\u2019INDR ainsi que l\u2019adresse IP peuvent \u00eatre collect\u00e9es et trait\u00e9es par des op\u00e9rateurs Internet, comme Google pour \u00e9valuer l\u2019utilisation du site et fournir d\u2019autres services en lien avec l\u2019utilisation d\u2019Internet. Il appartient \u00e0 la personne concern\u00e9e de g\u00e9rer ou d\u00e9sactiver les cookies \u00e0 partir des options du navigateur auquel elle recourt.<\/p>\n<p>Les donn\u00e9es personnelles sont susceptibles d\u2019\u00eatre conserv\u00e9es, copi\u00e9es sur serveurs ou syst\u00e8mes de secours ou archiv\u00e9es par l\u2019INDR aussi longtemps que n\u00e9cessaire pour les activit\u00e9s pr\u00e9cit\u00e9es ou pour des raisons juridiques l\u00e9gitimes, respectivement aussi longtemps que la personne concern\u00e9e ne demande pas sa d\u00e9sinscription de la liste de diffusion des Newsletters.<\/p>\n<p><strong>Quels sont vos droits ?<\/strong><\/p>\n<p>L\u2019INDR prend toutes les mesures raisonnablement possibles au niveau technique et organisationnel pour assurer la protection des donn\u00e9es personnelles contre la perte, l\u2019utilisation malveillante, l\u2019acc\u00e8s non autoris\u00e9, la divulgation, la modification ou la destruction de ces donn\u00e9es.<\/p>\n<p>Dans les conditions pr\u00e9vues par le RGPD, vous pouvez acc\u00e9der aux donn\u00e9es vous concernant et en obtenir une copie (article 15), obtenir la rectification de donn\u00e9es inexactes ou incompl\u00e8tes (article 16), vous opposer au traitement de vos donn\u00e9es (article 21), obtenir l\u2019effacement de celles-ci (article 17), et b\u00e9n\u00e9ficier d\u2019un droit \u00e0 la portabilit\u00e9 (article 20) et \u00e0 la limitation du traitement (article 18).<\/p>\n<p>Si le consentement constitue la base l\u00e9gale du traitement des donn\u00e9es \u00e0 caract\u00e8re personnel, vous pouvez retirer votre consentement \u00e0 tout moment en prenant contact avec l\u2019INDR sans porter atteinte \u00e0 la lic\u00e9it\u00e9 du traitement fond\u00e9 sur le consentement effectu\u00e9 avant le retrait de celui-ci.<\/p>\n<p>L\u2019INDR traite des donn\u00e9es personnelles \u00e0 des fins professionnelles. Si elle \u00e9tait inform\u00e9e que des donn\u00e9es concernent un enfant, elle s\u2019engage \u00e0 les retirer de ses syst\u00e8mes dans les meilleurs d\u00e9lais.<\/p>\n<p>Veuillez trouver ci-apr\u00e8s les coordonn\u00e9es pour poser des questions, faire valoir vos droits ou introduire une r\u00e9clamation :<\/p>\n<p>Institut National pour le D\u00e9veloppement durable et la Responsabilit\u00e9 sociale des entreprises (Protection des donn\u00e9es)<\/p>\n<p>7, rue Alcide de Gasperi, B.P. 3024 L-1030 Luxembourg-Kirchberg<br \/>\nT\u00e9l: +352 27 330 1<br \/>\nEmail : <a href=\"mailto:info@indr.lu\" target=\"_blank\" rel=\"noopener\">info@indr.lu<\/a><br \/>\nSite Internet : <a href=\"http:\/\/www.indr.lu\" target=\"_blank\" rel=\"noopener\">www.indr.lu<\/a><\/p>\n<p>Si vous estimez que le traitement de vos donn\u00e9es personnelles effectu\u00e9 par l\u2019INDR constitue une violation du RGPD, vous pouvez \u00e9galement introduire une r\u00e9clamation aupr\u00e8s de la CNPD (<a href=\"http:\/\/www.cnpd.lu\" target=\"_blank\" rel=\"noopener\">www.cnpd.lu<\/a>).<\/p>\n<p>&nbsp;<\/p>\n<p><strong>Disclaimer<\/strong><\/p>\n<p>L\u2019INDR fait tout son possible pour s\u2019assurer que les informations et donn\u00e9es disponibles sur ses sites et comptes en ligne sont correctes et \u00e0 jour. Ces informations et donn\u00e9es ont \u00e9t\u00e9 recueillies et regroup\u00e9es de sources qui, au mieux des connaissances de l\u2019INDR, sont fiables. L\u2019INDR ne peut cependant pas \u00eatre tenue pour responsable de toute erreur, omission, alt\u00e9ration ou retard de mise \u00e0 jour de ces informations et donn\u00e9es. Les usagers des sites et comptes en ligne de l\u2019INDR sont donc pri\u00e9s de ne pas baser leur d\u00e9cision sur ces informations et donn\u00e9es sans en v\u00e9rifier l\u2019exactitude. Ils reconnaissent utiliser ces informations et donn\u00e9es \u00e0 leur propre risque.<\/p>\n<p>Les sites et comptes en ligne de l\u2019INDR fournissent des liens vers des sites tiers \u00e0 titre indicatif. L\u2019INDR n\u2019assure aucune responsabilit\u00e9 quant \u00e0 la gestion et au contenu de ces sites ni au niveau de la protection des donn\u00e9es. Les usagers des sites et comptes en ligne de l\u2019INDR reconnaissent acc\u00e9der \u00e0 ces sites tiers \u00e0 leur propre risque.<\/p>\n<p>Modification de la notice<br \/>\nL\u2019INDR se r\u00e9serve le droit de modifier la pr\u00e9sente notice \u00e0 tout moment et sans pr\u00e9avis. Il appartient \u00e0 la personne concern\u00e9e de s\u2019assurer de disposer de la notice la plus r\u00e9cente en vigueur.<\/p>\n<p>RGPD \u2013 Notice octobre 2020.[\/vc_column_text][\/vc_column][\/vc_row][vc_row type=&#8221;in_container&#8221; full_screen_row_position=&#8221;middle&#8221; column_margin=&#8221;default&#8221; column_direction=&#8221;default&#8221; column_direction_tablet=&#8221;default&#8221; column_direction_phone=&#8221;default&#8221; scene_position=&#8221;center&#8221; text_color=&#8221;dark&#8221; text_align=&#8221;left&#8221; row_border_radius=&#8221;none&#8221; row_border_radius_applies=&#8221;bg&#8221; overlay_strength=&#8221;0.3&#8243; gradient_direction=&#8221;left_to_right&#8221; shape_divider_position=&#8221;bottom&#8221; bg_image_animation=&#8221;none&#8221;][vc_column column_padding=&#8221;no-extra-padding&#8221; column_padding_tablet=&#8221;inherit&#8221; column_padding_phone=&#8221;inherit&#8221; column_padding_position=&#8221;all&#8221; column_element_spacing=&#8221;default&#8221; background_color_opacity=&#8221;1&#8243; background_hover_color_opacity=&#8221;1&#8243; column_shadow=&#8221;none&#8221; column_border_radius=&#8221;none&#8221; column_link_target=&#8221;_self&#8221; gradient_direction=&#8221;left_to_right&#8221; overlay_strength=&#8221;0.3&#8243; width=&#8221;1\/1&#8243; tablet_width_inherit=&#8221;default&#8221; tablet_text_alignment=&#8221;default&#8221; phone_text_alignment=&#8221;default&#8221; bg_image_animation=&#8221;none&#8221; border_type=&#8221;simple&#8221; column_border_width=&#8221;none&#8221; column_border_style=&#8221;solid&#8221;][nectar_global_section id=&#8221;11309&#8243;][\/vc_column][\/vc_row]\n","protected":false},"excerpt":{"rendered":"<p>[vc_row type=&#8221;in_container&#8221; full_screen_row_position=&#8221;middle&#8221; column_margin=&#8221;default&#8221; column_direction=&#8221;default&#8221; column_direction_tablet=&#8221;default&#8221; column_direction_phone=&#8221;default&#8221; scene_position=&#8221;center&#8221; bottom_padding=&#8221;5%&#8221; text_color=&#8221;dark&#8221; text_align=&#8221;left&#8221; row_border_radius=&#8221;none&#8221; row_border_radius_applies=&#8221;bg&#8221; overlay_strength=&#8221;0.3&#8243; gradient_direction=&#8221;left_to_right&#8221; shape_divider_position=&#8221;bottom&#8221; bg_image_animation=&#8221;none&#8221; shape_type=&#8221;&#8221;][vc_column column_padding=&#8221;no-extra-padding&#8221; column_padding_tablet=&#8221;inherit&#8221; column_padding_phone=&#8221;inherit&#8221; column_padding_position=&#8221;all&#8221; column_element_spacing=&#8221;default&#8221; background_color_opacity=&#8221;1&#8243; background_hover_color_opacity=&#8221;1&#8243; column_shadow=&#8221;none&#8221; column_border_radius=&#8221;none&#8221; column_link_target=&#8221;_self&#8221; gradient_direction=&#8221;left_to_right&#8221; overlay_strength=&#8221;0.3&#8243;&#8230;<\/p>\n","protected":false},"author":2,"featured_media":0,"parent":0,"menu_order":0,"comment_status":"closed","ping_status":"closed","template":"","meta":{"_acf_changed":false,"inline_featured_image":false,"footnotes":""},"class_list":["post-9932","page","type-page","status-publish"],"acf":[],"yoast_head":"<!-- This site is optimized with the Yoast SEO plugin v27.3 - https:\/\/yoast.com\/product\/yoast-seo-wordpress\/ -->\n<title>Politique de confidentialit\u00e9 - INDR<\/title>\n<meta name=\"robots\" content=\"index, follow, max-snippet:-1, max-image-preview:large, max-video-preview:-1\" \/>\n<link rel=\"canonical\" href=\"https:\/\/indr.lu\/fr\/politique-de-confidentialite\/\" \/>\n<meta property=\"og:locale\" content=\"fr_FR\" \/>\n<meta property=\"og:type\" content=\"article\" \/>\n<meta property=\"og:title\" content=\"Politique de confidentialit\u00e9 - INDR\" \/>\n<meta property=\"og:description\" content=\"[vc_row type=&#8221;in_container&#8221; full_screen_row_position=&#8221;middle&#8221; column_margin=&#8221;default&#8221; column_direction=&#8221;default&#8221; column_direction_tablet=&#8221;default&#8221; column_direction_phone=&#8221;default&#8221; scene_position=&#8221;center&#8221; bottom_padding=&#8221;5%&#8221; text_color=&#8221;dark&#8221; text_align=&#8221;left&#8221; row_border_radius=&#8221;none&#8221; row_border_radius_applies=&#8221;bg&#8221; overlay_strength=&#8221;0.3&#8243; gradient_direction=&#8221;left_to_right&#8221; shape_divider_position=&#8221;bottom&#8221; bg_image_animation=&#8221;none&#8221; shape_type=&#8221;&#8221;][vc_column column_padding=&#8221;no-extra-padding&#8221; column_padding_tablet=&#8221;inherit&#8221; column_padding_phone=&#8221;inherit&#8221; column_padding_position=&#8221;all&#8221; column_element_spacing=&#8221;default&#8221; background_color_opacity=&#8221;1&#8243; background_hover_color_opacity=&#8221;1&#8243; column_shadow=&#8221;none&#8221; column_border_radius=&#8221;none&#8221; column_link_target=&#8221;_self&#8221; gradient_direction=&#8221;left_to_right&#8221; overlay_strength=&#8221;0.3&#8243;...\" \/>\n<meta property=\"og:url\" content=\"https:\/\/indr.lu\/fr\/politique-de-confidentialite\/\" \/>\n<meta property=\"og:site_name\" content=\"INDR\" \/>\n<meta property=\"article:publisher\" content=\"https:\/\/www.facebook.com\/INDR.lu\" \/>\n<meta property=\"article:modified_time\" content=\"2021-06-09T11:58:01+00:00\" \/>\n<meta name=\"twitter:card\" content=\"summary_large_image\" \/>\n<meta name=\"twitter:label1\" content=\"Dur\u00e9e de lecture estim\u00e9e\" \/>\n\t<meta name=\"twitter:data1\" content=\"8 minutes\" \/>\n<script type=\"application\/ld+json\" class=\"yoast-schema-graph\">{\"@context\":\"https:\\\/\\\/schema.org\",\"@graph\":[{\"@type\":\"WebPage\",\"@id\":\"https:\\\/\\\/indr.lu\\\/fr\\\/politique-de-confidentialite\\\/\",\"url\":\"https:\\\/\\\/indr.lu\\\/fr\\\/politique-de-confidentialite\\\/\",\"name\":\"Politique de confidentialit\u00e9 - INDR\",\"isPartOf\":{\"@id\":\"https:\\\/\\\/indr.lu\\\/fr\\\/#website\"},\"datePublished\":\"2021-04-14T14:55:02+00:00\",\"dateModified\":\"2021-06-09T11:58:01+00:00\",\"breadcrumb\":{\"@id\":\"https:\\\/\\\/indr.lu\\\/fr\\\/politique-de-confidentialite\\\/#breadcrumb\"},\"inLanguage\":\"fr-FR\",\"potentialAction\":[{\"@type\":\"ReadAction\",\"target\":[\"https:\\\/\\\/indr.lu\\\/fr\\\/politique-de-confidentialite\\\/\"]}]},{\"@type\":\"BreadcrumbList\",\"@id\":\"https:\\\/\\\/indr.lu\\\/fr\\\/politique-de-confidentialite\\\/#breadcrumb\",\"itemListElement\":[{\"@type\":\"ListItem\",\"position\":1,\"name\":\"Home\",\"item\":\"https:\\\/\\\/indr.lu\\\/fr\\\/\"},{\"@type\":\"ListItem\",\"position\":2,\"name\":\"Politique de confidentialit\u00e9\"}]},{\"@type\":\"WebSite\",\"@id\":\"https:\\\/\\\/indr.lu\\\/fr\\\/#website\",\"url\":\"https:\\\/\\\/indr.lu\\\/fr\\\/\",\"name\":\"INDR\",\"description\":\"Institut national pour le d\u00e9veloppement durable et la RSE\",\"publisher\":{\"@id\":\"https:\\\/\\\/indr.lu\\\/fr\\\/#organization\"},\"potentialAction\":[{\"@type\":\"SearchAction\",\"target\":{\"@type\":\"EntryPoint\",\"urlTemplate\":\"https:\\\/\\\/indr.lu\\\/fr\\\/?s={search_term_string}\"},\"query-input\":{\"@type\":\"PropertyValueSpecification\",\"valueRequired\":true,\"valueName\":\"search_term_string\"}}],\"inLanguage\":\"fr-FR\"},{\"@type\":\"Organization\",\"@id\":\"https:\\\/\\\/indr.lu\\\/fr\\\/#organization\",\"name\":\"INDR\",\"alternateName\":\"L\u2019Institut National pour le D\u00e9veloppement durable et la Responsabilit\u00e9 sociale des entreprises\",\"url\":\"https:\\\/\\\/indr.lu\\\/fr\\\/\",\"logo\":{\"@type\":\"ImageObject\",\"inLanguage\":\"fr-FR\",\"@id\":\"https:\\\/\\\/indr.lu\\\/fr\\\/#\\\/schema\\\/logo\\\/image\\\/\",\"url\":\"https:\\\/\\\/indr.lu\\\/wp-content\\\/uploads\\\/2021\\\/04\\\/indr-logo.svg\",\"contentUrl\":\"https:\\\/\\\/indr.lu\\\/wp-content\\\/uploads\\\/2021\\\/04\\\/indr-logo.svg\",\"width\":\"1024\",\"height\":\"1024\",\"caption\":\"INDR\"},\"image\":{\"@id\":\"https:\\\/\\\/indr.lu\\\/fr\\\/#\\\/schema\\\/logo\\\/image\\\/\"},\"sameAs\":[\"https:\\\/\\\/www.facebook.com\\\/INDR.lu\",\"https:\\\/\\\/www.linkedin.com\\\/company\\\/indr---institut-national-pour-le-d-veloppement-durable-et-la-responsabilit-des-entreprises\\\/\"]}]}<\/script>\n<!-- \/ Yoast SEO plugin. -->","yoast_head_json":{"title":"Politique de confidentialit\u00e9 - INDR","robots":{"index":"index","follow":"follow","max-snippet":"max-snippet:-1","max-image-preview":"max-image-preview:large","max-video-preview":"max-video-preview:-1"},"canonical":"https:\/\/indr.lu\/fr\/politique-de-confidentialite\/","og_locale":"fr_FR","og_type":"article","og_title":"Politique de confidentialit\u00e9 - INDR","og_description":"[vc_row type=&#8221;in_container&#8221; full_screen_row_position=&#8221;middle&#8221; column_margin=&#8221;default&#8221; column_direction=&#8221;default&#8221; column_direction_tablet=&#8221;default&#8221; column_direction_phone=&#8221;default&#8221; scene_position=&#8221;center&#8221; bottom_padding=&#8221;5%&#8221; text_color=&#8221;dark&#8221; text_align=&#8221;left&#8221; row_border_radius=&#8221;none&#8221; row_border_radius_applies=&#8221;bg&#8221; overlay_strength=&#8221;0.3&#8243; gradient_direction=&#8221;left_to_right&#8221; shape_divider_position=&#8221;bottom&#8221; bg_image_animation=&#8221;none&#8221; shape_type=&#8221;&#8221;][vc_column column_padding=&#8221;no-extra-padding&#8221; column_padding_tablet=&#8221;inherit&#8221; column_padding_phone=&#8221;inherit&#8221; column_padding_position=&#8221;all&#8221; column_element_spacing=&#8221;default&#8221; background_color_opacity=&#8221;1&#8243; background_hover_color_opacity=&#8221;1&#8243; column_shadow=&#8221;none&#8221; column_border_radius=&#8221;none&#8221; column_link_target=&#8221;_self&#8221; gradient_direction=&#8221;left_to_right&#8221; overlay_strength=&#8221;0.3&#8243;...","og_url":"https:\/\/indr.lu\/fr\/politique-de-confidentialite\/","og_site_name":"INDR","article_publisher":"https:\/\/www.facebook.com\/INDR.lu","article_modified_time":"2021-06-09T11:58:01+00:00","twitter_card":"summary_large_image","twitter_misc":{"Dur\u00e9e de lecture estim\u00e9e":"8 minutes"},"schema":{"@context":"https:\/\/schema.org","@graph":[{"@type":"WebPage","@id":"https:\/\/indr.lu\/fr\/politique-de-confidentialite\/","url":"https:\/\/indr.lu\/fr\/politique-de-confidentialite\/","name":"Politique de confidentialit\u00e9 - INDR","isPartOf":{"@id":"https:\/\/indr.lu\/fr\/#website"},"datePublished":"2021-04-14T14:55:02+00:00","dateModified":"2021-06-09T11:58:01+00:00","breadcrumb":{"@id":"https:\/\/indr.lu\/fr\/politique-de-confidentialite\/#breadcrumb"},"inLanguage":"fr-FR","potentialAction":[{"@type":"ReadAction","target":["https:\/\/indr.lu\/fr\/politique-de-confidentialite\/"]}]},{"@type":"BreadcrumbList","@id":"https:\/\/indr.lu\/fr\/politique-de-confidentialite\/#breadcrumb","itemListElement":[{"@type":"ListItem","position":1,"name":"Home","item":"https:\/\/indr.lu\/fr\/"},{"@type":"ListItem","position":2,"name":"Politique de confidentialit\u00e9"}]},{"@type":"WebSite","@id":"https:\/\/indr.lu\/fr\/#website","url":"https:\/\/indr.lu\/fr\/","name":"INDR","description":"Institut national pour le d\u00e9veloppement durable et la RSE","publisher":{"@id":"https:\/\/indr.lu\/fr\/#organization"},"potentialAction":[{"@type":"SearchAction","target":{"@type":"EntryPoint","urlTemplate":"https:\/\/indr.lu\/fr\/?s={search_term_string}"},"query-input":{"@type":"PropertyValueSpecification","valueRequired":true,"valueName":"search_term_string"}}],"inLanguage":"fr-FR"},{"@type":"Organization","@id":"https:\/\/indr.lu\/fr\/#organization","name":"INDR","alternateName":"L\u2019Institut National pour le D\u00e9veloppement durable et la Responsabilit\u00e9 sociale des entreprises","url":"https:\/\/indr.lu\/fr\/","logo":{"@type":"ImageObject","inLanguage":"fr-FR","@id":"https:\/\/indr.lu\/fr\/#\/schema\/logo\/image\/","url":"https:\/\/indr.lu\/wp-content\/uploads\/2021\/04\/indr-logo.svg","contentUrl":"https:\/\/indr.lu\/wp-content\/uploads\/2021\/04\/indr-logo.svg","width":"1024","height":"1024","caption":"INDR"},"image":{"@id":"https:\/\/indr.lu\/fr\/#\/schema\/logo\/image\/"},"sameAs":["https:\/\/www.facebook.com\/INDR.lu","https:\/\/www.linkedin.com\/company\/indr---institut-national-pour-le-d-veloppement-durable-et-la-responsabilit-des-entreprises\/"]}]}},"_links":{"self":[{"href":"https:\/\/indr.lu\/fr\/wp-json\/wp\/v2\/pages\/9932","targetHints":{"allow":["GET"]}}],"collection":[{"href":"https:\/\/indr.lu\/fr\/wp-json\/wp\/v2\/pages"}],"about":[{"href":"https:\/\/indr.lu\/fr\/wp-json\/wp\/v2\/types\/page"}],"author":[{"embeddable":true,"href":"https:\/\/indr.lu\/fr\/wp-json\/wp\/v2\/users\/2"}],"replies":[{"embeddable":true,"href":"https:\/\/indr.lu\/fr\/wp-json\/wp\/v2\/comments?post=9932"}],"version-history":[{"count":7,"href":"https:\/\/indr.lu\/fr\/wp-json\/wp\/v2\/pages\/9932\/revisions"}],"predecessor-version":[{"id":11946,"href":"https:\/\/indr.lu\/fr\/wp-json\/wp\/v2\/pages\/9932\/revisions\/11946"}],"wp:attachment":[{"href":"https:\/\/indr.lu\/fr\/wp-json\/wp\/v2\/media?parent=9932"}],"curies":[{"name":"wp","href":"https:\/\/api.w.org\/{rel}","templated":true}]}}